{"id":8393,"date":"2025-09-20T08:28:59","date_gmt":"2025-09-20T05:28:59","guid":{"rendered":"https:\/\/www.gapex.com.tr\/polipropilen-spiral-korge-hortumlar\/"},"modified":"2025-09-20T09:50:37","modified_gmt":"2025-09-20T06:50:37","slug":"polipropilen-spiral-korge-hortumlar","status":"publish","type":"page","link":"https:\/\/www.gapex.com.tr\/tr\/urunler\/koruma-korge-hortumlar\/polipropilen-spiral-korge-hortumlar\/","title":{"rendered":"Polipropilen Spiral Korge Hortumlar"},"content":{"rendered":"<p><div class=\"fusion-fullwidth fullwidth-box fusion-builder-row-1 fusion-flex-container has-pattern-background has-mask-background nonhundred-percent-fullwidth non-hundred-percent-height-scrolling\" style=\"--awb-border-radius-top-left:0px;--awb-border-radius-top-right:0px;--awb-border-radius-bottom-right:0px;--awb-border-radius-bottom-left:0px;--awb-padding-top:0px;--awb-padding-bottom:0px;--awb-padding-top-small:36px;--awb-padding-bottom-small:48px;--awb-flex-wrap:wrap;\" ><div class=\"fusion-builder-row fusion-row fusion-flex-align-items-stretch fusion-flex-justify-content-center fusion-flex-content-wrap\" style=\"max-width:1310.4px;margin-left: calc(-4% \/ 2 );margin-right: calc(-4% \/ 2 );\"><div class=\"fusion-layout-column fusion_builder_column fusion-builder-column-0 fusion_builder_column_3_4 3_4 fusion-flex-column\" style=\"--awb-bg-size:cover;--awb-width-large:75%;--awb-margin-top-large:10px;--awb-spacing-right-large:2.56%;--awb-margin-bottom-large:10px;--awb-spacing-left-large:2.56%;--awb-width-medium:40%;--awb-order-medium:0;--awb-spacing-right-medium:9.6%;--awb-spacing-left-medium:4.8%;--awb-width-small:80%;--awb-order-small:0;--awb-spacing-right-small:4.8%;--awb-spacing-left-small:2.4%;\" data-scroll-devices=\"small-visibility,medium-visibility,large-visibility\"><div class=\"fusion-column-wrapper fusion-column-has-shadow fusion-flex-justify-content-center fusion-content-layout-column\"><div class=\"fusion-image-element \" style=\"--awb-max-width:1000px;--awb-caption-title-font-family:var(--h2_typography-font-family);--awb-caption-title-font-weight:var(--h2_typography-font-weight);--awb-caption-title-font-style:var(--h2_typography-font-style);--awb-caption-title-size:var(--h2_typography-font-size);--awb-caption-title-transform:var(--h2_typography-text-transform);--awb-caption-title-line-height:var(--h2_typography-line-height);--awb-caption-title-letter-spacing:var(--h2_typography-letter-spacing);\"><span class=\" fusion-imageframe imageframe-none imageframe-1 hover-type-none\" style=\"border-radius:12px;\"><a href=\"https:\/\/www.gapex.com.tr\/wp-content\/uploads\/2025\/09\/Polypropylene-Corrugated-Tubes-image.webp\" class=\"fusion-lightbox\" data-rel=\"iLightbox[b277b68a7393d696638]\" data-title=\"Polypropylene-Corrugated-Tubes-image\" title=\"Polypropylene-Corrugated-Tubes-image\"><img decoding=\"async\" width=\"982\" height=\"300\" src=\"https:\/\/www.gapex.com.tr\/wp-content\/uploads\/2025\/09\/Polypropylene-Corrugated-Tubes-image.webp\" data-orig-src=\"https:\/\/www.gapex.com.tr\/wp-content\/uploads\/2025\/09\/Polypropylene-Corrugated-Tubes-image.webp\" class=\"lazyload img-responsive wp-image-8350\" srcset=\"data:image\/svg+xml,%3Csvg%20xmlns%3D%27http%3A%2F%2Fwww.w3.org%2F2000%2Fsvg%27%20width%3D%27982%27%20height%3D%27300%27%20viewBox%3D%270%200%20982%20300%27%3E%3Crect%20width%3D%27982%27%20height%3D%27300%27%20fill-opacity%3D%220%22%2F%3E%3C%2Fsvg%3E\" data-srcset=\"https:\/\/www.gapex.com.tr\/wp-content\/uploads\/2025\/09\/Polypropylene-Corrugated-Tubes-image-200x61.webp 200w, https:\/\/www.gapex.com.tr\/wp-content\/uploads\/2025\/09\/Polypropylene-Corrugated-Tubes-image-300x92.webp 300w, https:\/\/www.gapex.com.tr\/wp-content\/uploads\/2025\/09\/Polypropylene-Corrugated-Tubes-image-400x122.webp 400w, https:\/\/www.gapex.com.tr\/wp-content\/uploads\/2025\/09\/Polypropylene-Corrugated-Tubes-image-600x183.webp 600w, https:\/\/www.gapex.com.tr\/wp-content\/uploads\/2025\/09\/Polypropylene-Corrugated-Tubes-image-768x235.webp 768w, https:\/\/www.gapex.com.tr\/wp-content\/uploads\/2025\/09\/Polypropylene-Corrugated-Tubes-image-800x244.webp 800w, https:\/\/www.gapex.com.tr\/wp-content\/uploads\/2025\/09\/Polypropylene-Corrugated-Tubes-image.webp 982w\" data-sizes=\"auto\" data-orig-sizes=\"(max-width: 640px) 100vw, 982px\" data-orig- alt=\"\" title=\"\"><\/a><\/span><\/div><\/div><\/div><div class=\"fusion-layout-column fusion_builder_column fusion-builder-column-1 fusion_builder_column_1_4 1_4 fusion-flex-column\" style=\"--awb-bg-position:center top;--awb-bg-size:cover;--awb-width-large:25%;--awb-margin-top-large:10px;--awb-spacing-right-large:7.68%;--awb-margin-bottom-large:10px;--awb-spacing-left-large:7.68%;--awb-width-medium:25%;--awb-order-medium:0;--awb-margin-top-medium:0px;--awb-spacing-right-medium:7.68%;--awb-spacing-left-medium:7.68%;--awb-width-small:100%;--awb-order-small:0;--awb-spacing-right-small:1.92%;--awb-spacing-left-small:1.92%;\" data-scroll-devices=\"small-visibility,medium-visibility,large-visibility\"><div class=\"fusion-column-wrapper fusion-column-has-shadow fusion-flex-justify-content-center fusion-content-layout-column\"><\/div><\/div><\/div><\/div><div class=\"fusion-fullwidth fullwidth-box fusion-builder-row-2 fusion-flex-container has-pattern-background has-mask-background nonhundred-percent-fullwidth non-hundred-percent-height-scrolling\" style=\"--awb-border-radius-top-left:0px;--awb-border-radius-top-right:0px;--awb-border-radius-bottom-right:0px;--awb-border-radius-bottom-left:0px;--awb-padding-bottom:20px;--awb-padding-top-small:36px;--awb-padding-bottom-small:48px;--awb-background-image:linear-gradient(270deg, var(--awb-color2) 94%,var(--awb-color1) 94%);--awb-flex-wrap:wrap;\" ><div class=\"fusion-builder-row fusion-row fusion-flex-align-items-stretch fusion-flex-justify-content-center fusion-flex-content-wrap\" style=\"max-width:1310.4px;margin-left: calc(-4% \/ 2 );margin-right: calc(-4% \/ 2 );\"><div class=\"fusion-layout-column fusion_builder_column fusion-builder-column-2 fusion_builder_column_4_5 4_5 fusion-flex-column\" style=\"--awb-bg-size:cover;--awb-width-large:80%;--awb-margin-top-large:20px;--awb-spacing-right-large:9.6%;--awb-margin-bottom-large:20px;--awb-spacing-left-large:7.2%;--awb-width-medium:40%;--awb-order-medium:0;--awb-spacing-right-medium:9.6%;--awb-spacing-left-medium:14.4%;--awb-width-small:80%;--awb-order-small:0;--awb-spacing-right-small:4.8%;--awb-spacing-left-small:7.2%;\" data-scroll-devices=\"small-visibility,medium-visibility,large-visibility\"><div class=\"fusion-column-wrapper fusion-column-has-shadow fusion-flex-justify-content-center fusion-content-layout-column\"><div class=\"fusion-image-element \" style=\"text-align:center;--awb-caption-title-font-family:var(--h2_typography-font-family);--awb-caption-title-font-weight:var(--h2_typography-font-weight);--awb-caption-title-font-style:var(--h2_typography-font-style);--awb-caption-title-size:var(--h2_typography-font-size);--awb-caption-title-transform:var(--h2_typography-text-transform);--awb-caption-title-line-height:var(--h2_typography-line-height);--awb-caption-title-letter-spacing:var(--h2_typography-letter-spacing);\"><span class=\" fusion-imageframe imageframe-none imageframe-2 hover-type-none\" style=\"border-radius:12px;\"><a href=\"https:\/\/www.gapex.com.tr\/wp-content\/uploads\/2025\/09\/Polypropylene-Corrugated-Tubes-table-1.webp\" class=\"fusion-lightbox\" data-rel=\"iLightbox[733a676a5a1d9fee39e]\" data-title=\"Polypropylene-Corrugated-Tubes-table-1\" title=\"Polypropylene-Corrugated-Tubes-table-1\"><img decoding=\"async\" width=\"1321\" height=\"683\" src=\"https:\/\/www.gapex.com.tr\/wp-content\/uploads\/2025\/09\/Polypropylene-Corrugated-Tubes-table-1.webp\" data-orig-src=\"https:\/\/www.gapex.com.tr\/wp-content\/uploads\/2025\/09\/Polypropylene-Corrugated-Tubes-table-1.webp\" class=\"lazyload img-responsive wp-image-8352\" srcset=\"data:image\/svg+xml,%3Csvg%20xmlns%3D%27http%3A%2F%2Fwww.w3.org%2F2000%2Fsvg%27%20width%3D%271321%27%20height%3D%27683%27%20viewBox%3D%270%200%201321%20683%27%3E%3Crect%20width%3D%271321%27%20height%3D%27683%27%20fill-opacity%3D%220%22%2F%3E%3C%2Fsvg%3E\" data-srcset=\"https:\/\/www.gapex.com.tr\/wp-content\/uploads\/2025\/09\/Polypropylene-Corrugated-Tubes-table-1-200x103.webp 200w, https:\/\/www.gapex.com.tr\/wp-content\/uploads\/2025\/09\/Polypropylene-Corrugated-Tubes-table-1-300x155.webp 300w, https:\/\/www.gapex.com.tr\/wp-content\/uploads\/2025\/09\/Polypropylene-Corrugated-Tubes-table-1-400x207.webp 400w, https:\/\/www.gapex.com.tr\/wp-content\/uploads\/2025\/09\/Polypropylene-Corrugated-Tubes-table-1-600x310.webp 600w, https:\/\/www.gapex.com.tr\/wp-content\/uploads\/2025\/09\/Polypropylene-Corrugated-Tubes-table-1-768x397.webp 768w, https:\/\/www.gapex.com.tr\/wp-content\/uploads\/2025\/09\/Polypropylene-Corrugated-Tubes-table-1-800x414.webp 800w, https:\/\/www.gapex.com.tr\/wp-content\/uploads\/2025\/09\/Polypropylene-Corrugated-Tubes-table-1-1024x529.webp 1024w, https:\/\/www.gapex.com.tr\/wp-content\/uploads\/2025\/09\/Polypropylene-Corrugated-Tubes-table-1-1200x620.webp 1200w, https:\/\/www.gapex.com.tr\/wp-content\/uploads\/2025\/09\/Polypropylene-Corrugated-Tubes-table-1.webp 1321w\" data-sizes=\"auto\" data-orig-sizes=\"(max-width: 640px) 100vw, 1200px\" data-orig- alt=\"\" title=\"\"><\/a><\/span><\/div><div class=\"fusion-separator fusion-full-width-sep\" style=\"align-self: center;margin-left: auto;margin-right: auto;margin-top:5px;margin-bottom:5px;width:100%;\"><\/div><\/div><\/div><\/div><\/div><div class=\"fusion-fullwidth fullwidth-box fusion-builder-row-3 fusion-flex-container has-pattern-background has-mask-background nonhundred-percent-fullwidth non-hundred-percent-height-scrolling\" style=\"--awb-border-radius-top-left:0px;--awb-border-radius-top-right:0px;--awb-border-radius-bottom-right:0px;--awb-border-radius-bottom-left:0px;--awb-flex-wrap:wrap;\" ><div class=\"fusion-builder-row fusion-row fusion-flex-align-items-flex-start fusion-flex-content-wrap\" style=\"max-width:1310.4px;margin-left: calc(-4% \/ 2 );margin-right: calc(-4% \/ 2 );\"><div class=\"fusion-layout-column fusion_builder_column fusion-builder-column-3 fusion_builder_column_3_4 3_4 fusion-flex-column\" style=\"--awb-bg-size:cover;--awb-width-large:75%;--awb-margin-top-large:20px;--awb-spacing-right-large:2.56%;--awb-margin-bottom-large:20px;--awb-spacing-left-large:2.56%;--awb-width-medium:75%;--awb-order-medium:0;--awb-spacing-right-medium:2.56%;--awb-spacing-left-medium:2.56%;--awb-width-small:100%;--awb-order-small:0;--awb-spacing-right-small:1.92%;--awb-spacing-left-small:1.92%;\"><div class=\"fusion-column-wrapper fusion-column-has-shadow fusion-flex-justify-content-flex-start fusion-content-layout-column\"><div class=\"fusion-tabs fusion-tabs-1 classic vertical-tabs icon-position-left mobile-mode-accordion\" style=\"--awb-title-border-radius-top-left:0px;--awb-title-border-radius-top-right:0px;--awb-title-border-radius-bottom-right:0px;--awb-title-border-radius-bottom-left:0px;--awb-title-font-size:18px;--awb-alignment:start;--awb-inactive-color:var(--awb-color2);--awb-background-color:var(--awb-color1);--awb-border-color:var(--awb-color3);--awb-active-border-color:var(--awb-color7);\"><div class=\"nav\"><ul class=\"nav-tabs\" role=\"tablist\"><li class=\"active\" role=\"presentation\"><a class=\"tab-link\" data-toggle=\"tab\" role=\"tab\" aria-controls=\"tab-f440b08728db5078809\" aria-selected=\"true\" id=\"fusion-tab-a\u00e7\u0131klama\" href=\"#tab-f440b08728db5078809\"><div class=\"fusion-tab-heading\">A\u00e7\u0131klama<\/div><\/a><\/li><li role=\"presentation\"><a class=\"tab-link\" data-toggle=\"tab\" role=\"tab\" aria-controls=\"tab-c8007d1e6da58a8bbf9\" aria-selected=\"false\" tabindex=\"-1\" id=\"fusion-tab-hammadde\u00d6zellikleri\" href=\"#tab-c8007d1e6da58a8bbf9\"><div class=\"fusion-tab-heading\">Hammadde \u00d6zellikleri<\/div><\/a><\/li><li role=\"presentation\"><a class=\"tab-link\" data-toggle=\"tab\" role=\"tab\" aria-controls=\"tab-6eed481786fffe2940f\" aria-selected=\"false\" tabindex=\"-1\" id=\"fusion-tab-\u00c7al\u0131\u015fmade\u011ferleriaral\u0131\u011f\u0131\" href=\"#tab-6eed481786fffe2940f\"><div class=\"fusion-tab-heading\">\u00c7al\u0131\u015fma De\u011ferleri Aral\u0131\u011f\u0131<\/div><\/a><\/li><li role=\"presentation\"><a class=\"tab-link\" data-toggle=\"tab\" role=\"tab\" aria-controls=\"tab-b8027c3074163a5fcb4\" aria-selected=\"false\" tabindex=\"-1\" id=\"fusion-tab-tolerans\" href=\"#tab-b8027c3074163a5fcb4\"><div class=\"fusion-tab-heading\">Tolerans<\/div><\/a><\/li><li role=\"presentation\"><a class=\"tab-link\" data-toggle=\"tab\" role=\"tab\" aria-controls=\"tab-4ddb7acbd0693b7b438\" aria-selected=\"false\" tabindex=\"-1\" id=\"fusion-tab-paketleme\" href=\"#tab-4ddb7acbd0693b7b438\"><div class=\"fusion-tab-heading\">Paketleme<\/div><\/a><\/li><\/ul><\/div><div class=\"tab-content\"><div class=\"nav fusion-mobile-tab-nav\"><ul class=\"nav-tabs\" role=\"tablist\"><li class=\"active\" role=\"presentation\"><a class=\"tab-link\" data-toggle=\"tab\" role=\"tab\" aria-controls=\"tab-f440b08728db5078809\" aria-selected=\"true\" id=\"mobile-fusion-tab-a\u00e7\u0131klama\" href=\"#tab-f440b08728db5078809\"><div class=\"fusion-tab-heading\">A\u00e7\u0131klama<\/div><\/a><\/li><\/ul><\/div><div class=\"tab-pane fade fusion-clearfix in active\" role=\"tabpanel\" tabindex=\"0\" aria-labelledby=\"fusion-tab-a\u00e7\u0131klama\" id=\"tab-f440b08728db5078809\">\n<p>Your Content Goes Here<\/p>\n<\/div><div class=\"nav fusion-mobile-tab-nav\"><ul class=\"nav-tabs\" role=\"tablist\"><li role=\"presentation\"><a class=\"tab-link\" data-toggle=\"tab\" role=\"tab\" aria-controls=\"tab-c8007d1e6da58a8bbf9\" aria-selected=\"false\" tabindex=\"-1\" id=\"mobile-fusion-tab-hammadde\u00d6zellikleri\" href=\"#tab-c8007d1e6da58a8bbf9\"><div class=\"fusion-tab-heading\">Hammadde \u00d6zellikleri<\/div><\/a><\/li><\/ul><\/div><div class=\"tab-pane fade fusion-clearfix\" role=\"tabpanel\" tabindex=\"0\" aria-labelledby=\"fusion-tab-hammadde\u00d6zellikleri\" id=\"tab-c8007d1e6da58a8bbf9\">\n<div class=\"fusion-image-element in-legacy-container\" style=\"--awb-caption-title-font-family:var(--h2_typography-font-family);--awb-caption-title-font-weight:var(--h2_typography-font-weight);--awb-caption-title-font-style:var(--h2_typography-font-style);--awb-caption-title-size:var(--h2_typography-font-size);--awb-caption-title-transform:var(--h2_typography-text-transform);--awb-caption-title-line-height:var(--h2_typography-line-height);--awb-caption-title-letter-spacing:var(--h2_typography-letter-spacing);\"><span class=\" fusion-imageframe imageframe-none imageframe-3 hover-type-none\" style=\"border-radius:12px;\"><a href=\"https:\/\/gapex.com.tr\/wp-content\/uploads\/2023\/10\/fep-material.webp\" class=\"fusion-lightbox\" data-rel=\"iLightbox[2b72590889642f48f3a]\" data-title=\"fep-material\" title=\"fep-material\" target=\"_blank\" rel=\"noopener\"><img decoding=\"async\" width=\"800\" height=\"306\" src=\"https:\/\/www.gapex.com.tr\/wp-content\/uploads\/2023\/10\/fep-material.webp\" data-orig-src=\"https:\/\/gapex.com.tr\/wp-content\/uploads\/2023\/10\/fep-material.webp\" class=\"lazyload img-responsive wp-image-5954\" srcset=\"data:image\/svg+xml,%3Csvg%20xmlns%3D%27http%3A%2F%2Fwww.w3.org%2F2000%2Fsvg%27%20width%3D%27800%27%20height%3D%27306%27%20viewBox%3D%270%200%20800%20306%27%3E%3Crect%20width%3D%27800%27%20height%3D%27306%27%20fill-opacity%3D%220%22%2F%3E%3C%2Fsvg%3E\" data-srcset=\"https:\/\/www.gapex.com.tr\/wp-content\/uploads\/2023\/10\/fep-material-200x77.webp 200w, https:\/\/www.gapex.com.tr\/wp-content\/uploads\/2023\/10\/fep-material-300x115.webp 300w, https:\/\/www.gapex.com.tr\/wp-content\/uploads\/2023\/10\/fep-material-400x153.webp 400w, https:\/\/www.gapex.com.tr\/wp-content\/uploads\/2023\/10\/fep-material-600x230.webp 600w, https:\/\/www.gapex.com.tr\/wp-content\/uploads\/2023\/10\/fep-material-768x294.webp 768w, https:\/\/www.gapex.com.tr\/wp-content\/uploads\/2023\/10\/fep-material.webp 800w\" data-sizes=\"auto\" data-orig-sizes=\"(max-width: 640px) 100vw, 800px\" alt=\"\" title=\"\"><\/a><\/span><\/div>\n<\/div><div class=\"nav fusion-mobile-tab-nav\"><ul class=\"nav-tabs\" role=\"tablist\"><li role=\"presentation\"><a class=\"tab-link\" data-toggle=\"tab\" role=\"tab\" aria-controls=\"tab-6eed481786fffe2940f\" aria-selected=\"false\" tabindex=\"-1\" id=\"mobile-fusion-tab-\u00c7al\u0131\u015fmade\u011ferleriaral\u0131\u011f\u0131\" href=\"#tab-6eed481786fffe2940f\"><div class=\"fusion-tab-heading\">\u00c7al\u0131\u015fma De\u011ferleri Aral\u0131\u011f\u0131<\/div><\/a><\/li><\/ul><\/div><div class=\"tab-pane fade fusion-clearfix\" role=\"tabpanel\" tabindex=\"0\" aria-labelledby=\"fusion-tab-\u00c7al\u0131\u015fmade\u011ferleriaral\u0131\u011f\u0131\" id=\"tab-6eed481786fffe2940f\">\n<div class=\"fusion-content-boxes content-boxes columns row fusion-columns-1 fusion-columns-total-1 fusion-content-boxes-1 content-boxes-icon-with-title content-left\" style=\"--awb-hover-accent-color:var(--awb-color7);--awb-circle-hover-accent-color:transparent;--awb-item-margin-bottom:40px;\" data-animationOffset=\"top-into-view\"><div style=\"--awb-backgroundcolor:rgba(255,255,255,0);\" class=\"fusion-column content-box-column content-box-column content-box-column-1 col-lg-12 col-md-12 col-sm-12 fusion-content-box-hover content-box-column-last content-box-column-last-in-row\"><div class=\"col content-box-wrapper content-wrapper link-area-link-icon content-icon-wrapper-yes icon-hover-animation-fade\" data-animationOffset=\"top-into-view\"><div class=\"heading heading-with-icon icon-left\"><div class=\"icon\"><span ><i style=\"background-color:transparent;border-color:transparent;height:auto;width: 32px;line-height:normal;font-size:32px;\" aria-hidden=\"true\" class=\"fontawesome-icon fa-thermometer-full fas circle-no\"><\/i><\/span><\/div><h2 class=\"content-box-heading fusion-responsive-typography-calculated\" style=\"--h2_typography-font-size:24px;--fontSize:24;line-height:1.2;\">Max. \u00c7al\u0131\u015fma De\u011ferleri<\/h2><\/div><div class=\"fusion-clearfix\"><\/div><div class=\"content-container\">\n<p>-60\u00b0C to +260\u00b0C<\/p>\n<\/div><\/div><\/div><div class=\"fusion-clearfix\"><\/div><\/div>\n<\/div><div class=\"nav fusion-mobile-tab-nav\"><ul class=\"nav-tabs\" role=\"tablist\"><li role=\"presentation\"><a class=\"tab-link\" data-toggle=\"tab\" role=\"tab\" aria-controls=\"tab-b8027c3074163a5fcb4\" aria-selected=\"false\" tabindex=\"-1\" id=\"mobile-fusion-tab-tolerans\" href=\"#tab-b8027c3074163a5fcb4\"><div class=\"fusion-tab-heading\">Tolerans<\/div><\/a><\/li><\/ul><\/div><div class=\"tab-pane fade fusion-clearfix\" role=\"tabpanel\" tabindex=\"0\" aria-labelledby=\"fusion-tab-tolerans\" id=\"tab-b8027c3074163a5fcb4\">\n<div class=\"fusion-image-element in-legacy-container\" style=\"--awb-caption-title-font-family:var(--h2_typography-font-family);--awb-caption-title-font-weight:var(--h2_typography-font-weight);--awb-caption-title-font-style:var(--h2_typography-font-style);--awb-caption-title-size:var(--h2_typography-font-size);--awb-caption-title-transform:var(--h2_typography-text-transform);--awb-caption-title-line-height:var(--h2_typography-line-height);--awb-caption-title-letter-spacing:var(--h2_typography-letter-spacing);\"><span class=\" fusion-imageframe imageframe-none imageframe-4 hover-type-none\" style=\"border-radius:12px;\"><img decoding=\"async\" width=\"809\" height=\"225\" title=\"Polypropylene-Corrugated-Tubes-tolerance-table-1\" src=\"https:\/\/www.gapex.com.tr\/wp-content\/uploads\/2025\/09\/Polypropylene-Corrugated-Tubes-tolerance-table-1-1.webp\" data-orig-src=\"https:\/\/www.gapex.com.tr\/wp-content\/uploads\/2025\/09\/Polypropylene-Corrugated-Tubes-tolerance-table-1-1.webp\" class=\"lazyload img-responsive wp-image-8360\" srcset=\"data:image\/svg+xml,%3Csvg%20xmlns%3D%27http%3A%2F%2Fwww.w3.org%2F2000%2Fsvg%27%20width%3D%27809%27%20height%3D%27225%27%20viewBox%3D%270%200%20809%20225%27%3E%3Crect%20width%3D%27809%27%20height%3D%27225%27%20fill-opacity%3D%220%22%2F%3E%3C%2Fsvg%3E\" data-srcset=\"https:\/\/www.gapex.com.tr\/wp-content\/uploads\/2025\/09\/Polypropylene-Corrugated-Tubes-tolerance-table-1-1-200x56.webp 200w, https:\/\/www.gapex.com.tr\/wp-content\/uploads\/2025\/09\/Polypropylene-Corrugated-Tubes-tolerance-table-1-1-300x83.webp 300w, https:\/\/www.gapex.com.tr\/wp-content\/uploads\/2025\/09\/Polypropylene-Corrugated-Tubes-tolerance-table-1-1-400x111.webp 400w, https:\/\/www.gapex.com.tr\/wp-content\/uploads\/2025\/09\/Polypropylene-Corrugated-Tubes-tolerance-table-1-1-600x167.webp 600w, https:\/\/www.gapex.com.tr\/wp-content\/uploads\/2025\/09\/Polypropylene-Corrugated-Tubes-tolerance-table-1-1-768x214.webp 768w, https:\/\/www.gapex.com.tr\/wp-content\/uploads\/2025\/09\/Polypropylene-Corrugated-Tubes-tolerance-table-1-1-800x222.webp 800w, https:\/\/www.gapex.com.tr\/wp-content\/uploads\/2025\/09\/Polypropylene-Corrugated-Tubes-tolerance-table-1-1.webp 809w\" data-sizes=\"auto\" data-orig-sizes=\"(max-width: 640px) 100vw, 809px\" data-orig- alt=\"\"><\/span><\/div>\n<ul style=\"--awb-iconcolor:var(--awb-color7);--awb-line-height:30.6px;--awb-icon-width:30.6px;--awb-icon-height:30.6px;--awb-icon-margin:12.6px;--awb-content-margin:43.2px;\" class=\"fusion-checklist fusion-checklist-1 fusion-checklist-default type-icons\"><li class=\"fusion-li-item\" style=\"\"><span class=\"icon-wrapper circle-no\"><i class=\"fusion-li-icon fa-check-double fas\" aria-hidden=\"true\"><\/i><\/span><div class=\"fusion-li-item-content\">GAPEX size daha iyi toleranslar sa\u011flayabilir<\/div><\/li><\/ul>\n<\/div><div class=\"nav fusion-mobile-tab-nav\"><ul class=\"nav-tabs\" role=\"tablist\"><li role=\"presentation\"><a class=\"tab-link\" data-toggle=\"tab\" role=\"tab\" aria-controls=\"tab-4ddb7acbd0693b7b438\" aria-selected=\"false\" tabindex=\"-1\" id=\"mobile-fusion-tab-paketleme\" href=\"#tab-4ddb7acbd0693b7b438\"><div class=\"fusion-tab-heading\">Paketleme<\/div><\/a><\/li><\/ul><\/div><div class=\"tab-pane fade fusion-clearfix\" role=\"tabpanel\" tabindex=\"0\" aria-labelledby=\"fusion-tab-paketleme\" id=\"tab-4ddb7acbd0693b7b438\">Standart olarak makaras\u0131z top halinde stre\u00e7le sar\u0131l\u0131.<\/p>\n<div ><a class=\"fusion-button button-flat fusion-button-default-size button-default fusion-button-default button-1 fusion-button-default-span fusion-button-default-type\" target=\"_self\" href=\"https:\/\/gapex.com.tr\/technical-information\/packing\/\" rel=\"noopener\"><span class=\"fusion-button-text awb-button__text awb-button__text--default\">Mu\u0308\u015fteri iste\u011fine ba\u011fl\u0131 paketleme \u00f6zelle\u015ftirilebilir<\/span><\/a><\/div><\/div><\/div><\/div><\/div><\/div><div class=\"fusion-layout-column fusion_builder_column fusion-builder-column-4 fusion_builder_column_1_4 1_4 fusion-flex-column\" style=\"--awb-bg-size:cover;--awb-width-large:25%;--awb-margin-top-large:20px;--awb-spacing-right-large:7.68%;--awb-margin-bottom-large:20px;--awb-spacing-left-large:7.68%;--awb-width-medium:25%;--awb-order-medium:0;--awb-spacing-right-medium:7.68%;--awb-spacing-left-medium:7.68%;--awb-width-small:100%;--awb-order-small:0;--awb-spacing-right-small:1.92%;--awb-spacing-left-small:1.92%;\"><div class=\"fusion-column-wrapper fusion-column-has-shadow fusion-flex-justify-content-flex-start fusion-content-layout-column\"><div class=\"fusion-image-element \" style=\"--awb-caption-title-font-family:var(--h2_typography-font-family);--awb-caption-title-font-weight:var(--h2_typography-font-weight);--awb-caption-title-font-style:var(--h2_typography-font-style);--awb-caption-title-size:var(--h2_typography-font-size);--awb-caption-title-transform:var(--h2_typography-text-transform);--awb-caption-title-line-height:var(--h2_typography-line-height);--awb-caption-title-letter-spacing:var(--h2_typography-letter-spacing);\"><span class=\" fusion-imageframe imageframe-none imageframe-5 hover-type-none\" style=\"border-radius:12px;\"><a href=\"https:\/\/www.gapex.com.tr\/wp-content\/uploads\/2023\/11\/products.webp\" class=\"fusion-lightbox\" data-rel=\"iLightbox[43ab0a8eaf710b0f673]\" data-title=\"products\" title=\"products\"><img decoding=\"async\" width=\"1210\" height=\"1210\" src=\"https:\/\/www.gapex.com.tr\/wp-content\/uploads\/2023\/11\/products.webp\" data-orig-src=\"https:\/\/www.gapex.com.tr\/wp-content\/uploads\/2023\/11\/products.webp\" class=\"lazyload img-responsive wp-image-6117\" srcset=\"data:image\/svg+xml,%3Csvg%20xmlns%3D%27http%3A%2F%2Fwww.w3.org%2F2000%2Fsvg%27%20width%3D%271210%27%20height%3D%271210%27%20viewBox%3D%270%200%201210%201210%27%3E%3Crect%20width%3D%271210%27%20height%3D%271210%27%20fill-opacity%3D%220%22%2F%3E%3C%2Fsvg%3E\" data-srcset=\"https:\/\/www.gapex.com.tr\/wp-content\/uploads\/2023\/11\/products-66x66.webp 66w, https:\/\/www.gapex.com.tr\/wp-content\/uploads\/2023\/11\/products-150x150.webp 150w, https:\/\/www.gapex.com.tr\/wp-content\/uploads\/2023\/11\/products-200x200.webp 200w, https:\/\/www.gapex.com.tr\/wp-content\/uploads\/2023\/11\/products-300x300.webp 300w, https:\/\/www.gapex.com.tr\/wp-content\/uploads\/2023\/11\/products-400x400.webp 400w, https:\/\/www.gapex.com.tr\/wp-content\/uploads\/2023\/11\/products-600x600.webp 600w, https:\/\/www.gapex.com.tr\/wp-content\/uploads\/2023\/11\/products-768x768.webp 768w, https:\/\/www.gapex.com.tr\/wp-content\/uploads\/2023\/11\/products-800x800.webp 800w, https:\/\/www.gapex.com.tr\/wp-content\/uploads\/2023\/11\/products-1024x1024.webp 1024w, https:\/\/www.gapex.com.tr\/wp-content\/uploads\/2023\/11\/products-1200x1200.webp 1200w, https:\/\/www.gapex.com.tr\/wp-content\/uploads\/2023\/11\/products.webp 1210w\" data-sizes=\"auto\" data-orig-sizes=\"(max-width: 640px) 100vw, 400px\" data-orig- alt=\"\" title=\"\"><\/a><\/span><\/div><\/div><\/div><\/div><\/div><\/p>\n","protected":false},"excerpt":{"rendered":"","protected":false},"author":5,"featured_media":0,"parent":8397,"menu_order":20,"comment_status":"closed","ping_status":"closed","template":"","meta":{"footnotes":""},"class_list":["post-8393","page","type-page","status-publish","hentry"],"_links":{"self":[{"href":"https:\/\/www.gapex.com.tr\/tr\/wp-json\/wp\/v2\/pages\/8393","targetHints":{"allow":["GET"]}}],"collection":[{"href":"https:\/\/www.gapex.com.tr\/tr\/wp-json\/wp\/v2\/pages"}],"about":[{"href":"https:\/\/www.gapex.com.tr\/tr\/wp-json\/wp\/v2\/types\/page"}],"author":[{"embeddable":true,"href":"https:\/\/www.gapex.com.tr\/tr\/wp-json\/wp\/v2\/users\/5"}],"replies":[{"embeddable":true,"href":"https:\/\/www.gapex.com.tr\/tr\/wp-json\/wp\/v2\/comments?post=8393"}],"version-history":[{"count":3,"href":"https:\/\/www.gapex.com.tr\/tr\/wp-json\/wp\/v2\/pages\/8393\/revisions"}],"predecessor-version":[{"id":8396,"href":"https:\/\/www.gapex.com.tr\/tr\/wp-json\/wp\/v2\/pages\/8393\/revisions\/8396"}],"up":[{"embeddable":true,"href":"https:\/\/www.gapex.com.tr\/tr\/wp-json\/wp\/v2\/pages\/8397"}],"wp:attachment":[{"href":"https:\/\/www.gapex.com.tr\/tr\/wp-json\/wp\/v2\/media?parent=8393"}],"curies":[{"name":"wp","href":"https:\/\/api.w.org\/{rel}","templated":true}]}}