{"id":7287,"date":"2024-08-06T14:28:16","date_gmt":"2024-08-06T11:28:16","guid":{"rendered":"https:\/\/gapex.com.tr\/urunler\/rakorlar\/"},"modified":"2024-08-20T22:45:33","modified_gmt":"2024-08-20T19:45:33","slug":"rakorlar","status":"publish","type":"page","link":"https:\/\/www.gapex.com.tr\/tr\/urunler\/rakorlar\/","title":{"rendered":"Rakorlar"},"content":{"rendered":"<p><div class=\"fusion-fullwidth fullwidth-box fusion-builder-row-1 fusion-flex-container has-pattern-background has-mask-background hundred-percent-fullwidth non-hundred-percent-height-scrolling\" style=\"--awb-border-radius-top-left:0px;--awb-border-radius-top-right:0px;--awb-border-radius-bottom-right:0px;--awb-border-radius-bottom-left:0px;--awb-padding-top:0px;--awb-padding-right:0px;--awb-padding-bottom:0px;--awb-padding-left:0px;--awb-flex-wrap:wrap;\" ><div class=\"fusion-builder-row fusion-row fusion-flex-align-items-flex-start fusion-flex-content-wrap\" style=\"width:104% !important;max-width:104% !important;margin-left: calc(-4% \/ 2 );margin-right: calc(-4% \/ 2 );\"><div class=\"fusion-layout-column fusion_builder_column fusion-builder-column-0 fusion_builder_column_1_1 1_1 fusion-flex-column\" style=\"--awb-bg-size:cover;--awb-width-large:100%;--awb-margin-top-large:20px;--awb-spacing-right-large:1.92%;--awb-margin-bottom-large:20px;--awb-spacing-left-large:1.92%;--awb-width-medium:100%;--awb-order-medium:0;--awb-spacing-right-medium:1.92%;--awb-spacing-left-medium:1.92%;--awb-width-small:100%;--awb-order-small:0;--awb-spacing-right-small:1.92%;--awb-spacing-left-small:1.92%;\" data-scroll-devices=\"small-visibility,medium-visibility,large-visibility\"><div class=\"fusion-column-wrapper fusion-column-has-shadow fusion-flex-justify-content-flex-start fusion-content-layout-column\"><div class=\"fusion-image-element \" style=\"--awb-caption-title-font-family:var(--h2_typography-font-family);--awb-caption-title-font-weight:var(--h2_typography-font-weight);--awb-caption-title-font-style:var(--h2_typography-font-style);--awb-caption-title-size:var(--h2_typography-font-size);--awb-caption-title-transform:var(--h2_typography-text-transform);--awb-caption-title-line-height:var(--h2_typography-line-height);--awb-caption-title-letter-spacing:var(--h2_typography-letter-spacing);\"><span class=\" fusion-imageframe imageframe-none imageframe-1 hover-type-none\" style=\"border-radius:12px;\"><img decoding=\"async\" width=\"2000\" height=\"350\" title=\"products-banner\" src=\"https:\/\/www.gapex.com.tr\/wp-content\/uploads\/2023\/12\/products-banner.webp\" data-orig-src=\"https:\/\/gapex.com.tr\/wp-content\/uploads\/2023\/12\/products-banner.webp\" class=\"lazyload img-responsive wp-image-6123\" srcset=\"data:image\/svg+xml,%3Csvg%20xmlns%3D%27http%3A%2F%2Fwww.w3.org%2F2000%2Fsvg%27%20width%3D%272000%27%20height%3D%27350%27%20viewBox%3D%270%200%202000%20350%27%3E%3Crect%20width%3D%272000%27%20height%3D%27350%27%20fill-opacity%3D%220%22%2F%3E%3C%2Fsvg%3E\" data-srcset=\"https:\/\/www.gapex.com.tr\/wp-content\/uploads\/2023\/12\/products-banner-200x35.webp 200w, https:\/\/www.gapex.com.tr\/wp-content\/uploads\/2023\/12\/products-banner-300x53.webp 300w, https:\/\/www.gapex.com.tr\/wp-content\/uploads\/2023\/12\/products-banner-400x70.webp 400w, https:\/\/www.gapex.com.tr\/wp-content\/uploads\/2023\/12\/products-banner-600x105.webp 600w, https:\/\/www.gapex.com.tr\/wp-content\/uploads\/2023\/12\/products-banner-768x134.webp 768w, https:\/\/www.gapex.com.tr\/wp-content\/uploads\/2023\/12\/products-banner-800x140.webp 800w, https:\/\/www.gapex.com.tr\/wp-content\/uploads\/2023\/12\/products-banner-1024x179.webp 1024w, https:\/\/www.gapex.com.tr\/wp-content\/uploads\/2023\/12\/products-banner-1200x210.webp 1200w, https:\/\/www.gapex.com.tr\/wp-content\/uploads\/2023\/12\/products-banner-1536x269.webp 1536w, https:\/\/www.gapex.com.tr\/wp-content\/uploads\/2023\/12\/products-banner.webp 2000w\" data-sizes=\"auto\" data-orig-sizes=\"(max-width: 640px) 100vw, 2000px\" alt=\"\"><\/span><\/div><\/div><\/div><\/div><\/div><div class=\"fusion-fullwidth fullwidth-box fusion-builder-row-2 fusion-flex-container nonhundred-percent-fullwidth non-hundred-percent-height-scrolling\" style=\"--awb-border-radius-top-left:0px;--awb-border-radius-top-right:0px;--awb-border-radius-bottom-right:0px;--awb-border-radius-bottom-left:0px;--awb-padding-top:80px;--awb-padding-bottom:80px;--awb-padding-top-medium:48px;--awb-padding-bottom-medium:48px;--awb-padding-top-small:20px;--awb-padding-bottom-small:40px;--awb-background-color:var(--awb-color2);--awb-flex-wrap:wrap;\" ><div class=\"fusion-builder-row fusion-row fusion-flex-align-items-flex-start fusion-flex-justify-content-center fusion-flex-content-wrap\" style=\"max-width:1310.4px;margin-left: calc(-4% \/ 2 );margin-right: calc(-4% \/ 2 );\"><div class=\"fusion-layout-column fusion_builder_column fusion-builder-column-1 fusion_builder_column_1_4 1_4 fusion-flex-column fusion-column-inner-bg-wrapper\" style=\"--awb-inner-bg-size:cover;--awb-width-large:25%;--awb-margin-top-large:20px;--awb-spacing-right-large:7.68%;--awb-margin-bottom-large:20px;--awb-spacing-left-large:7.68%;--awb-width-medium:25%;--awb-order-medium:0;--awb-spacing-right-medium:7.68%;--awb-spacing-left-medium:7.68%;--awb-width-small:100%;--awb-order-small:0;--awb-spacing-right-small:1.92%;--awb-spacing-left-small:1.92%;\" data-scroll-devices=\"small-visibility,medium-visibility,large-visibility\"><span class=\"fusion-column-inner-bg hover-type-none\"><a class=\"fusion-column-anchor\" href=\"https:\/\/gapex.com.tr\/tr\/urunler\/rakorlar\/pnomatik-baglanti-rakorlari\/\" target=\"_blank\" rel=\"noopener\"><span class=\"fusion-column-inner-bg-image\"><\/span><\/a><\/span><div class=\"fusion-column-wrapper fusion-column-has-shadow fusion-flex-justify-content-flex-start fusion-content-layout-column\"><div class=\"fusion-image-element \" style=\"text-align:center;--awb-max-width:200px;--awb-caption-title-font-family:var(--h2_typography-font-family);--awb-caption-title-font-weight:var(--h2_typography-font-weight);--awb-caption-title-font-style:var(--h2_typography-font-style);--awb-caption-title-size:var(--h2_typography-font-size);--awb-caption-title-transform:var(--h2_typography-text-transform);--awb-caption-title-line-height:var(--h2_typography-line-height);--awb-caption-title-letter-spacing:var(--h2_typography-letter-spacing);\"><span class=\" fusion-imageframe imageframe-none imageframe-2 hover-type-none\" style=\"border:5px solid var(--awb-color7);border-radius:50%;\"><img decoding=\"async\" width=\"600\" height=\"600\" title=\"pneumatic-fitting-Union-Tee-image-7\" src=\"https:\/\/www.gapex.com.tr\/wp-content\/uploads\/2023\/10\/pneumatic-fitting-Union-Tee-image-7.webp\" data-orig-src=\"https:\/\/gapex.com.tr\/wp-content\/uploads\/2023\/10\/pneumatic-fitting-Union-Tee-image-7.webp\" class=\"lazyload img-responsive wp-image-5996\" srcset=\"data:image\/svg+xml,%3Csvg%20xmlns%3D%27http%3A%2F%2Fwww.w3.org%2F2000%2Fsvg%27%20width%3D%27600%27%20height%3D%27600%27%20viewBox%3D%270%200%20600%20600%27%3E%3Crect%20width%3D%27600%27%20height%3D%27600%27%20fill-opacity%3D%220%22%2F%3E%3C%2Fsvg%3E\" data-srcset=\"https:\/\/www.gapex.com.tr\/wp-content\/uploads\/2023\/10\/pneumatic-fitting-Union-Tee-image-7-66x66.webp 66w, https:\/\/www.gapex.com.tr\/wp-content\/uploads\/2023\/10\/pneumatic-fitting-Union-Tee-image-7-150x150.webp 150w, https:\/\/www.gapex.com.tr\/wp-content\/uploads\/2023\/10\/pneumatic-fitting-Union-Tee-image-7-200x200.webp 200w, https:\/\/www.gapex.com.tr\/wp-content\/uploads\/2023\/10\/pneumatic-fitting-Union-Tee-image-7-300x300.webp 300w, https:\/\/www.gapex.com.tr\/wp-content\/uploads\/2023\/10\/pneumatic-fitting-Union-Tee-image-7-400x400.webp 400w, https:\/\/www.gapex.com.tr\/wp-content\/uploads\/2023\/10\/pneumatic-fitting-Union-Tee-image-7.webp 600w\" data-sizes=\"auto\" data-orig-sizes=\"(max-width: 640px) 100vw, 400px\" alt=\"\"><\/span><\/div><div class=\"fusion-title title fusion-title-1 fusion-sep-none fusion-title-center fusion-title-text fusion-title-size-five\"><h5 class=\"fusion-title-heading title-heading-center fusion-responsive-typography-calculated\" style=\"margin:0;--fontSize:20;--minFontSize:20;line-height:1.4;\">Pn\u00f6matik Ba\u011flant\u0131 Rakorlar\u0131<\/h5><\/div><\/div><\/div><div class=\"fusion-layout-column fusion_builder_column fusion-builder-column-2 fusion_builder_column_1_4 1_4 fusion-flex-column fusion-column-inner-bg-wrapper\" style=\"--awb-inner-bg-size:cover;--awb-width-large:25%;--awb-margin-top-large:20px;--awb-spacing-right-large:7.68%;--awb-margin-bottom-large:20px;--awb-spacing-left-large:7.68%;--awb-width-medium:25%;--awb-order-medium:0;--awb-spacing-right-medium:7.68%;--awb-spacing-left-medium:7.68%;--awb-width-small:100%;--awb-order-small:0;--awb-spacing-right-small:1.92%;--awb-spacing-left-small:1.92%;\" data-scroll-devices=\"small-visibility,medium-visibility,large-visibility\"><span class=\"fusion-column-inner-bg hover-type-none\"><a class=\"fusion-column-anchor\" href=\"https:\/\/gapex.com.tr\/tr\/urunler\/rakorlar\/pnomatik-otomatik-rakorlar\/\" target=\"_blank\" rel=\"noopener\"><span class=\"fusion-column-inner-bg-image\"><\/span><\/a><\/span><div class=\"fusion-column-wrapper fusion-column-has-shadow fusion-flex-justify-content-flex-start fusion-content-layout-column\"><div class=\"fusion-image-element \" style=\"text-align:center;--awb-max-width:200px;--awb-caption-title-font-family:var(--h2_typography-font-family);--awb-caption-title-font-weight:var(--h2_typography-font-weight);--awb-caption-title-font-style:var(--h2_typography-font-style);--awb-caption-title-size:var(--h2_typography-font-size);--awb-caption-title-transform:var(--h2_typography-text-transform);--awb-caption-title-line-height:var(--h2_typography-line-height);--awb-caption-title-letter-spacing:var(--h2_typography-letter-spacing);\"><span class=\" fusion-imageframe imageframe-none imageframe-3 hover-type-none\" style=\"border:5px solid var(--awb-color7);border-radius:50%;\"><img decoding=\"async\" width=\"600\" height=\"600\" title=\"quick-coupling-hose-connection-tee\" src=\"https:\/\/www.gapex.com.tr\/wp-content\/uploads\/2024\/03\/quick-coupling-hose-connection-tee.webp\" data-orig-src=\"https:\/\/gapex.com.tr\/wp-content\/uploads\/2024\/03\/quick-coupling-hose-connection-tee.webp\" class=\"lazyload img-responsive wp-image-6760\" srcset=\"data:image\/svg+xml,%3Csvg%20xmlns%3D%27http%3A%2F%2Fwww.w3.org%2F2000%2Fsvg%27%20width%3D%27600%27%20height%3D%27600%27%20viewBox%3D%270%200%20600%20600%27%3E%3Crect%20width%3D%27600%27%20height%3D%27600%27%20fill-opacity%3D%220%22%2F%3E%3C%2Fsvg%3E\" data-srcset=\"https:\/\/www.gapex.com.tr\/wp-content\/uploads\/2024\/03\/quick-coupling-hose-connection-tee-66x66.webp 66w, https:\/\/www.gapex.com.tr\/wp-content\/uploads\/2024\/03\/quick-coupling-hose-connection-tee-150x150.webp 150w, https:\/\/www.gapex.com.tr\/wp-content\/uploads\/2024\/03\/quick-coupling-hose-connection-tee-200x200.webp 200w, https:\/\/www.gapex.com.tr\/wp-content\/uploads\/2024\/03\/quick-coupling-hose-connection-tee-300x300.webp 300w, https:\/\/www.gapex.com.tr\/wp-content\/uploads\/2024\/03\/quick-coupling-hose-connection-tee-400x400.webp 400w, https:\/\/www.gapex.com.tr\/wp-content\/uploads\/2024\/03\/quick-coupling-hose-connection-tee.webp 600w\" data-sizes=\"auto\" data-orig-sizes=\"(max-width: 640px) 100vw, 400px\" alt=\"\"><\/span><\/div><div class=\"fusion-title title fusion-title-2 fusion-sep-none fusion-title-center fusion-title-text fusion-title-size-five\"><h5 class=\"fusion-title-heading title-heading-center fusion-responsive-typography-calculated\" style=\"margin:0;--fontSize:20;--minFontSize:20;line-height:1.4;\">Pn\u00f6matik Otomatik Rakorlar<\/h5><\/div><\/div><\/div><div class=\"fusion-layout-column fusion_builder_column fusion-builder-column-3 fusion_builder_column_1_4 1_4 fusion-flex-column fusion-column-inner-bg-wrapper\" style=\"--awb-inner-bg-size:cover;--awb-width-large:25%;--awb-margin-top-large:20px;--awb-spacing-right-large:7.68%;--awb-margin-bottom-large:20px;--awb-spacing-left-large:7.68%;--awb-width-medium:25%;--awb-order-medium:0;--awb-spacing-right-medium:7.68%;--awb-spacing-left-medium:7.68%;--awb-width-small:100%;--awb-order-small:0;--awb-spacing-right-small:1.92%;--awb-spacing-left-small:1.92%;\" data-scroll-devices=\"small-visibility,medium-visibility,large-visibility\"><span class=\"fusion-column-inner-bg hover-type-none\"><a class=\"fusion-column-anchor\" href=\"https:\/\/gapex.com.tr\/tr\/urunler\/rakorlar\/havali-fren-sistemi-rakorlari\/\" target=\"_blank\" rel=\"noopener\"><span class=\"fusion-column-inner-bg-image\"><\/span><\/a><\/span><div class=\"fusion-column-wrapper fusion-column-has-shadow fusion-flex-justify-content-flex-start fusion-content-layout-column\"><div class=\"fusion-image-element \" style=\"text-align:center;--awb-max-width:200px;--awb-caption-title-font-family:var(--h2_typography-font-family);--awb-caption-title-font-weight:var(--h2_typography-font-weight);--awb-caption-title-font-style:var(--h2_typography-font-style);--awb-caption-title-size:var(--h2_typography-font-size);--awb-caption-title-transform:var(--h2_typography-text-transform);--awb-caption-title-line-height:var(--h2_typography-line-height);--awb-caption-title-letter-spacing:var(--h2_typography-letter-spacing);\"><span class=\" fusion-imageframe imageframe-none imageframe-4 hover-type-none\" style=\"border:5px solid var(--awb-color7);border-radius:50%;\"><img decoding=\"async\" width=\"600\" height=\"600\" title=\"air-brake-equal-t-image-4\" src=\"https:\/\/www.gapex.com.tr\/wp-content\/uploads\/2023\/10\/air-brake-equal-t-image-4.webp\" data-orig-src=\"https:\/\/gapex.com.tr\/wp-content\/uploads\/2023\/10\/air-brake-equal-t-image-4.webp\" class=\"lazyload img-responsive wp-image-6040\" srcset=\"data:image\/svg+xml,%3Csvg%20xmlns%3D%27http%3A%2F%2Fwww.w3.org%2F2000%2Fsvg%27%20width%3D%27600%27%20height%3D%27600%27%20viewBox%3D%270%200%20600%20600%27%3E%3Crect%20width%3D%27600%27%20height%3D%27600%27%20fill-opacity%3D%220%22%2F%3E%3C%2Fsvg%3E\" data-srcset=\"https:\/\/www.gapex.com.tr\/wp-content\/uploads\/2023\/10\/air-brake-equal-t-image-4-66x66.webp 66w, https:\/\/www.gapex.com.tr\/wp-content\/uploads\/2023\/10\/air-brake-equal-t-image-4-150x150.webp 150w, https:\/\/www.gapex.com.tr\/wp-content\/uploads\/2023\/10\/air-brake-equal-t-image-4-200x200.webp 200w, https:\/\/www.gapex.com.tr\/wp-content\/uploads\/2023\/10\/air-brake-equal-t-image-4-300x300.webp 300w, https:\/\/www.gapex.com.tr\/wp-content\/uploads\/2023\/10\/air-brake-equal-t-image-4-400x400.webp 400w, https:\/\/www.gapex.com.tr\/wp-content\/uploads\/2023\/10\/air-brake-equal-t-image-4.webp 600w\" data-sizes=\"auto\" data-orig-sizes=\"(max-width: 640px) 100vw, 400px\" alt=\"\"><\/span><\/div><div class=\"fusion-title title fusion-title-3 fusion-sep-none fusion-title-center fusion-title-text fusion-title-size-five\"><h5 class=\"fusion-title-heading title-heading-center fusion-responsive-typography-calculated\" style=\"margin:0;--fontSize:20;--minFontSize:20;line-height:1.4;\">Haval\u0131 Fren Sistemi Rakorlar\u0131<\/h5><\/div><\/div><\/div><\/div><\/div><div class=\"fusion-fullwidth fullwidth-box fusion-builder-row-3 fusion-flex-container has-pattern-background has-mask-background nonhundred-percent-fullwidth non-hundred-percent-height-scrolling\" style=\"--awb-border-radius-top-left:0px;--awb-border-radius-top-right:0px;--awb-border-radius-bottom-right:0px;--awb-border-radius-bottom-left:0px;--awb-padding-top:0px;--awb-padding-bottom:20px;--awb-padding-top-medium:80px;--awb-padding-top-small:60px;--awb-padding-bottom-small:20px;--awb-flex-wrap:wrap;\" ><div class=\"fusion-builder-row fusion-row fusion-flex-align-items-stretch fusion-flex-content-wrap\" style=\"max-width:1310.4px;margin-left: calc(-4% \/ 2 );margin-right: calc(-4% \/ 2 );\"><div class=\"fusion-layout-column fusion_builder_column fusion-builder-column-4 fusion_builder_column_1_2 1_2 fusion-flex-column\" style=\"--awb-bg-position:center top;--awb-bg-size:cover;--awb-width-large:50%;--awb-margin-top-large:10px;--awb-spacing-right-large:3.84%;--awb-margin-bottom-large:10px;--awb-spacing-left-large:3.84%;--awb-width-medium:50%;--awb-order-medium:0;--awb-spacing-right-medium:3.84%;--awb-spacing-left-medium:3.84%;--awb-width-small:100%;--awb-order-small:0;--awb-spacing-right-small:1.92%;--awb-spacing-left-small:1.92%;\"><div class=\"fusion-column-wrapper fusion-column-has-shadow fusion-flex-justify-content-flex-start fusion-content-layout-column\"><div class=\"fusion-image-element \" style=\"--awb-caption-title-font-family:var(--h2_typography-font-family);--awb-caption-title-font-weight:var(--h2_typography-font-weight);--awb-caption-title-font-style:var(--h2_typography-font-style);--awb-caption-title-size:var(--h2_typography-font-size);--awb-caption-title-transform:var(--h2_typography-text-transform);--awb-caption-title-line-height:var(--h2_typography-line-height);--awb-caption-title-letter-spacing:var(--h2_typography-letter-spacing);\"><span class=\" fusion-imageframe imageframe-none imageframe-5 hover-type-none\" style=\"border-radius:12px;\"><img decoding=\"async\" width=\"1210\" height=\"1210\" title=\"products\" src=\"https:\/\/www.gapex.com.tr\/wp-content\/uploads\/2023\/11\/products.webp\" data-orig-src=\"https:\/\/gapex.com.tr\/wp-content\/uploads\/2023\/11\/products.webp\" class=\"lazyload img-responsive wp-image-6117\" srcset=\"data:image\/svg+xml,%3Csvg%20xmlns%3D%27http%3A%2F%2Fwww.w3.org%2F2000%2Fsvg%27%20width%3D%271210%27%20height%3D%271210%27%20viewBox%3D%270%200%201210%201210%27%3E%3Crect%20width%3D%271210%27%20height%3D%271210%27%20fill-opacity%3D%220%22%2F%3E%3C%2Fsvg%3E\" data-srcset=\"https:\/\/www.gapex.com.tr\/wp-content\/uploads\/2023\/11\/products-66x66.webp 66w, https:\/\/www.gapex.com.tr\/wp-content\/uploads\/2023\/11\/products-150x150.webp 150w, https:\/\/www.gapex.com.tr\/wp-content\/uploads\/2023\/11\/products-200x200.webp 200w, https:\/\/www.gapex.com.tr\/wp-content\/uploads\/2023\/11\/products-300x300.webp 300w, https:\/\/www.gapex.com.tr\/wp-content\/uploads\/2023\/11\/products-400x400.webp 400w, https:\/\/www.gapex.com.tr\/wp-content\/uploads\/2023\/11\/products-600x600.webp 600w, https:\/\/www.gapex.com.tr\/wp-content\/uploads\/2023\/11\/products-768x768.webp 768w, https:\/\/www.gapex.com.tr\/wp-content\/uploads\/2023\/11\/products-800x800.webp 800w, https:\/\/www.gapex.com.tr\/wp-content\/uploads\/2023\/11\/products-1024x1024.webp 1024w, https:\/\/www.gapex.com.tr\/wp-content\/uploads\/2023\/11\/products-1200x1200.webp 1200w, https:\/\/www.gapex.com.tr\/wp-content\/uploads\/2023\/11\/products.webp 1210w\" data-sizes=\"auto\" data-orig-sizes=\"(max-width: 640px) 100vw, 600px\" alt=\"\"><\/span><\/div><\/div><\/div><div class=\"fusion-layout-column fusion_builder_column fusion-builder-column-5 fusion_builder_column_1_2 1_2 fusion-flex-column\" style=\"--awb-bg-size:cover;--awb-width-large:50%;--awb-margin-top-large:20px;--awb-spacing-right-large:15.36%;--awb-margin-bottom-large:20px;--awb-spacing-left-large:11.52%;--awb-width-medium:50%;--awb-order-medium:0;--awb-spacing-right-medium:15.36%;--awb-spacing-left-medium:11.52%;--awb-width-small:100%;--awb-order-small:0;--awb-spacing-right-small:1.92%;--awb-margin-bottom-small:0px;--awb-spacing-left-small:1.92%;\"><div class=\"fusion-column-wrapper fusion-column-has-shadow fusion-flex-justify-content-center fusion-content-layout-column\"><div class=\"fusion-text fusion-text-1\" style=\"--awb-font-size:25px;\"><p>G\u00fcltekin Plastik, m\u00fc\u015fteri memnuniyetini her zaman en \u00fcst seviyede tutmak amac\u0131yla, kaliteli stok \u00fcr\u00fcnlerinin yan\u0131 s\u0131ra, m\u00fc\u015fteri \u00f6zel taleplerine g\u00f6re de \u00fcretim yapmaktad\u0131r.<\/p>\n<\/div><\/div><\/div><\/div><\/div><\/p>\n","protected":false},"excerpt":{"rendered":"","protected":false},"author":5,"featured_media":0,"parent":6174,"menu_order":110,"comment_status":"closed","ping_status":"closed","template":"100-width.php","meta":{"footnotes":""},"class_list":["post-7287","page","type-page","status-publish","hentry"],"_links":{"self":[{"href":"https:\/\/www.gapex.com.tr\/tr\/wp-json\/wp\/v2\/pages\/7287","targetHints":{"allow":["GET"]}}],"collection":[{"href":"https:\/\/www.gapex.com.tr\/tr\/wp-json\/wp\/v2\/pages"}],"about":[{"href":"https:\/\/www.gapex.com.tr\/tr\/wp-json\/wp\/v2\/types\/page"}],"author":[{"embeddable":true,"href":"https:\/\/www.gapex.com.tr\/tr\/wp-json\/wp\/v2\/users\/5"}],"replies":[{"embeddable":true,"href":"https:\/\/www.gapex.com.tr\/tr\/wp-json\/wp\/v2\/comments?post=7287"}],"version-history":[{"count":10,"href":"https:\/\/www.gapex.com.tr\/tr\/wp-json\/wp\/v2\/pages\/7287\/revisions"}],"predecessor-version":[{"id":7561,"href":"https:\/\/www.gapex.com.tr\/tr\/wp-json\/wp\/v2\/pages\/7287\/revisions\/7561"}],"up":[{"embeddable":true,"href":"https:\/\/www.gapex.com.tr\/tr\/wp-json\/wp\/v2\/pages\/6174"}],"wp:attachment":[{"href":"https:\/\/www.gapex.com.tr\/tr\/wp-json\/wp\/v2\/media?parent=7287"}],"curies":[{"name":"wp","href":"https:\/\/api.w.org\/{rel}","templated":true}]}}