{"id":6458,"date":"2023-10-17T09:29:18","date_gmt":"2023-10-17T06:29:18","guid":{"rendered":"https:\/\/gapex.com.tr\/kimyasal-dayanim-cetveli\/"},"modified":"2024-08-08T17:34:19","modified_gmt":"2024-08-08T14:34:19","slug":"kimyasal-dayanim-cetveli","status":"publish","type":"page","link":"https:\/\/www.gapex.com.tr\/tr\/teknik-bilgiler\/kimyasal-dayanim-cetveli\/","title":{"rendered":"Kimyasal Dayan\u0131m Cetveli"},"content":{"rendered":"<p><div class=\"fusion-fullwidth fullwidth-box fusion-builder-row-1 fusion-flex-container has-pattern-background has-mask-background nonhundred-percent-fullwidth non-hundred-percent-height-scrolling\" style=\"--awb-border-radius-top-left:0px;--awb-border-radius-top-right:0px;--awb-border-radius-bottom-right:0px;--awb-border-radius-bottom-left:0px;--awb-flex-wrap:wrap;\" ><div class=\"fusion-builder-row fusion-row fusion-flex-align-items-flex-start fusion-flex-content-wrap\" style=\"max-width:1310.4px;margin-left: calc(-4% \/ 2 );margin-right: calc(-4% \/ 2 );\"><div class=\"fusion-layout-column fusion_builder_column fusion-builder-column-0 fusion_builder_column_1_2 1_2 fusion-flex-column\" style=\"--awb-bg-size:cover;--awb-width-large:50%;--awb-margin-top-large:20px;--awb-spacing-right-large:3.84%;--awb-margin-bottom-large:20px;--awb-spacing-left-large:3.84%;--awb-width-medium:50%;--awb-order-medium:0;--awb-spacing-right-medium:3.84%;--awb-spacing-left-medium:3.84%;--awb-width-small:100%;--awb-order-small:0;--awb-spacing-right-small:1.92%;--awb-spacing-left-small:1.92%;\"><div class=\"fusion-column-wrapper fusion-column-has-shadow fusion-flex-justify-content-flex-start fusion-content-layout-column\"><div class=\"fusion-image-element \" style=\"--awb-caption-title-font-family:var(--h2_typography-font-family);--awb-caption-title-font-weight:var(--h2_typography-font-weight);--awb-caption-title-font-style:var(--h2_typography-font-style);--awb-caption-title-size:var(--h2_typography-font-size);--awb-caption-title-transform:var(--h2_typography-text-transform);--awb-caption-title-line-height:var(--h2_typography-line-height);--awb-caption-title-letter-spacing:var(--h2_typography-letter-spacing);\"><span class=\" fusion-imageframe imageframe-none imageframe-1 hover-type-none\" style=\"border-radius:12px;\"><a href=\"https:\/\/gapex.com.tr\/wp-content\/uploads\/2023\/10\/chemical-resistance-1.webp\" class=\"fusion-lightbox\" data-rel=\"iLightbox[478e36f61e2ab207a9c]\" data-title=\"chemical-resistance-1\" title=\"chemical-resistance-1\" target=\"_blank\" rel=\"noopener\"><img decoding=\"async\" width=\"1100\" height=\"1350\" src=\"https:\/\/www.gapex.com.tr\/wp-content\/uploads\/2023\/10\/chemical-resistance-1.webp\" data-orig-src=\"https:\/\/gapex.com.tr\/wp-content\/uploads\/2023\/10\/chemical-resistance-1.webp\" class=\"lazyload img-responsive wp-image-5908\" srcset=\"data:image\/svg+xml,%3Csvg%20xmlns%3D%27http%3A%2F%2Fwww.w3.org%2F2000%2Fsvg%27%20width%3D%271100%27%20height%3D%271350%27%20viewBox%3D%270%200%201100%201350%27%3E%3Crect%20width%3D%271100%27%20height%3D%271350%27%20fill-opacity%3D%220%22%2F%3E%3C%2Fsvg%3E\" data-srcset=\"https:\/\/www.gapex.com.tr\/wp-content\/uploads\/2023\/10\/chemical-resistance-1-200x245.webp 200w, https:\/\/www.gapex.com.tr\/wp-content\/uploads\/2023\/10\/chemical-resistance-1-244x300.webp 244w, https:\/\/www.gapex.com.tr\/wp-content\/uploads\/2023\/10\/chemical-resistance-1-400x491.webp 400w, https:\/\/www.gapex.com.tr\/wp-content\/uploads\/2023\/10\/chemical-resistance-1-500x614.webp 500w, https:\/\/www.gapex.com.tr\/wp-content\/uploads\/2023\/10\/chemical-resistance-1-600x736.webp 600w, https:\/\/www.gapex.com.tr\/wp-content\/uploads\/2023\/10\/chemical-resistance-1-700x859.webp 700w, https:\/\/www.gapex.com.tr\/wp-content\/uploads\/2023\/10\/chemical-resistance-1-768x943.webp 768w, https:\/\/www.gapex.com.tr\/wp-content\/uploads\/2023\/10\/chemical-resistance-1-800x982.webp 800w, https:\/\/www.gapex.com.tr\/wp-content\/uploads\/2023\/10\/chemical-resistance-1-834x1024.webp 834w, https:\/\/www.gapex.com.tr\/wp-content\/uploads\/2023\/10\/chemical-resistance-1.webp 1100w\" data-sizes=\"auto\" data-orig-sizes=\"(max-width: 640px) 100vw, 600px\" alt=\"\" title=\"\"><\/a><\/span><\/div><\/div><\/div><div class=\"fusion-layout-column fusion_builder_column fusion-builder-column-1 fusion_builder_column_1_2 1_2 fusion-flex-column\" style=\"--awb-bg-size:cover;--awb-width-large:50%;--awb-margin-top-large:20px;--awb-spacing-right-large:3.84%;--awb-margin-bottom-large:20px;--awb-spacing-left-large:3.84%;--awb-width-medium:50%;--awb-order-medium:0;--awb-spacing-right-medium:3.84%;--awb-spacing-left-medium:3.84%;--awb-width-small:100%;--awb-order-small:0;--awb-spacing-right-small:1.92%;--awb-spacing-left-small:1.92%;\"><div class=\"fusion-column-wrapper fusion-column-has-shadow fusion-flex-justify-content-flex-start fusion-content-layout-column\"><div class=\"fusion-image-element \" style=\"--awb-caption-title-font-family:var(--h2_typography-font-family);--awb-caption-title-font-weight:var(--h2_typography-font-weight);--awb-caption-title-font-style:var(--h2_typography-font-style);--awb-caption-title-size:var(--h2_typography-font-size);--awb-caption-title-transform:var(--h2_typography-text-transform);--awb-caption-title-line-height:var(--h2_typography-line-height);--awb-caption-title-letter-spacing:var(--h2_typography-letter-spacing);\"><span class=\" fusion-imageframe imageframe-none imageframe-2 hover-type-none\" style=\"border-radius:12px;\"><a href=\"https:\/\/gapex.com.tr\/wp-content\/uploads\/2023\/10\/chemical-resistance-2.webp\" class=\"fusion-lightbox\" data-rel=\"iLightbox[9c176ef20c7964cfa93]\" data-title=\"chemical-resistance-2\" title=\"chemical-resistance-2\" target=\"_blank\" rel=\"noopener\"><img decoding=\"async\" width=\"1100\" height=\"1350\" src=\"https:\/\/www.gapex.com.tr\/wp-content\/uploads\/2023\/10\/chemical-resistance-2.webp\" data-orig-src=\"https:\/\/gapex.com.tr\/wp-content\/uploads\/2023\/10\/chemical-resistance-2.webp\" class=\"lazyload img-responsive wp-image-5909\" srcset=\"data:image\/svg+xml,%3Csvg%20xmlns%3D%27http%3A%2F%2Fwww.w3.org%2F2000%2Fsvg%27%20width%3D%271100%27%20height%3D%271350%27%20viewBox%3D%270%200%201100%201350%27%3E%3Crect%20width%3D%271100%27%20height%3D%271350%27%20fill-opacity%3D%220%22%2F%3E%3C%2Fsvg%3E\" data-srcset=\"https:\/\/www.gapex.com.tr\/wp-content\/uploads\/2023\/10\/chemical-resistance-2-200x245.webp 200w, https:\/\/www.gapex.com.tr\/wp-content\/uploads\/2023\/10\/chemical-resistance-2-244x300.webp 244w, https:\/\/www.gapex.com.tr\/wp-content\/uploads\/2023\/10\/chemical-resistance-2-400x491.webp 400w, https:\/\/www.gapex.com.tr\/wp-content\/uploads\/2023\/10\/chemical-resistance-2-500x614.webp 500w, https:\/\/www.gapex.com.tr\/wp-content\/uploads\/2023\/10\/chemical-resistance-2-600x736.webp 600w, https:\/\/www.gapex.com.tr\/wp-content\/uploads\/2023\/10\/chemical-resistance-2-700x859.webp 700w, https:\/\/www.gapex.com.tr\/wp-content\/uploads\/2023\/10\/chemical-resistance-2-768x943.webp 768w, https:\/\/www.gapex.com.tr\/wp-content\/uploads\/2023\/10\/chemical-resistance-2-800x982.webp 800w, https:\/\/www.gapex.com.tr\/wp-content\/uploads\/2023\/10\/chemical-resistance-2-834x1024.webp 834w, https:\/\/www.gapex.com.tr\/wp-content\/uploads\/2023\/10\/chemical-resistance-2.webp 1100w\" data-sizes=\"auto\" data-orig-sizes=\"(max-width: 640px) 100vw, 600px\" alt=\"\" title=\"\"><\/a><\/span><\/div><\/div><\/div><div class=\"fusion-layout-column fusion_builder_column fusion-builder-column-2 fusion_builder_column_1_1 1_1 fusion-flex-column\" style=\"--awb-bg-size:cover;--awb-width-large:100%;--awb-margin-top-large:20px;--awb-spacing-right-large:1.92%;--awb-margin-bottom-large:20px;--awb-spacing-left-large:1.92%;--awb-width-medium:100%;--awb-order-medium:0;--awb-spacing-right-medium:1.92%;--awb-spacing-left-medium:1.92%;--awb-width-small:100%;--awb-order-small:0;--awb-spacing-right-small:1.92%;--awb-spacing-left-small:1.92%;\"><div class=\"fusion-column-wrapper fusion-column-has-shadow fusion-flex-justify-content-flex-start fusion-content-layout-column\"><div class=\"fusion-content-boxes content-boxes columns row fusion-columns-5 fusion-columns-total-5 fusion-content-boxes-1 content-boxes-clean-vertical content-left content-boxes-icon-on-top\" style=\"--awb-hover-accent-color:var(--awb-color7);--awb-circle-hover-accent-color:transparent;\" data-animationOffset=\"top-into-view\"><div style=\"--awb-backgroundcolor:rgba(255,255,255,0);border-color:rgba(255,255,255,0);\" class=\"fusion-column content-box-column content-box-column-1 col-lg-2 col-md-2 col-sm-2 fusion-content-box-hover content-box-column-first-in-row\"><div class=\"col content-box-wrapper content-wrapper link-area-link-icon content-icon-wrapper-yes icon-hover-animation-fade\" data-animationOffset=\"top-into-view\"><div class=\"heading icon-left\"><h2 class=\"content-box-heading fusion-responsive-typography-calculated\" style=\"--h2_typography-font-size:24px;--fontSize:24;line-height:1.2;\">1<\/h2><\/div><div class=\"fusion-clearfix\"><\/div><div class=\"content-container\">\n<p>Dayan\u0131kl\u0131<\/p>\n<\/div><\/div><\/div><div style=\"--awb-backgroundcolor:rgba(255,255,255,0);border-color:rgba(255,255,255,0);\" class=\"fusion-column content-box-column content-box-column-2 col-lg-2 col-md-2 col-sm-2 fusion-content-box-hover \"><div class=\"col content-box-wrapper content-wrapper link-area-link-icon content-icon-wrapper-yes icon-hover-animation-fade\" data-animationOffset=\"top-into-view\"><div class=\"heading icon-left\"><h2 class=\"content-box-heading fusion-responsive-typography-calculated\" style=\"--h2_typography-font-size:24px;--fontSize:24;line-height:1.2;\">2<\/h2><\/div><div class=\"fusion-clearfix\"><\/div><div class=\"content-container\">\n<p>Genellikle Dayan\u0131kl\u0131<\/p>\n<\/div><\/div><\/div><div style=\"--awb-backgroundcolor:rgba(255,255,255,0);border-color:rgba(255,255,255,0);\" class=\"fusion-column content-box-column content-box-column-3 col-lg-2 col-md-2 col-sm-2 fusion-content-box-hover \"><div class=\"col content-box-wrapper content-wrapper link-area-link-icon content-icon-wrapper-yes icon-hover-animation-fade\" data-animationOffset=\"top-into-view\"><div class=\"heading icon-left\"><h2 class=\"content-box-heading fusion-responsive-typography-calculated\" style=\"--h2_typography-font-size:24px;--fontSize:24;line-height:1.2;\">3<\/h2><\/div><div class=\"fusion-clearfix\"><\/div><div class=\"content-container\">\n<p>Az Dayan\u0131kl\u0131<\/p>\n<\/div><\/div><\/div><div style=\"--awb-backgroundcolor:rgba(255,255,255,0);border-color:rgba(255,255,255,0);\" class=\"fusion-column content-box-column content-box-column-4 col-lg-2 col-md-2 col-sm-2 fusion-content-box-hover \"><div class=\"col content-box-wrapper content-wrapper link-area-link-icon content-icon-wrapper-yes icon-hover-animation-fade\" data-animationOffset=\"top-into-view\"><div class=\"heading icon-left\"><h2 class=\"content-box-heading fusion-responsive-typography-calculated\" style=\"--h2_typography-font-size:24px;--fontSize:24;line-height:1.2;\">4<\/h2><\/div><div class=\"fusion-clearfix\"><\/div><div class=\"content-container\">\n<p>Dayan\u0131ks\u0131z<\/p>\n<\/div><\/div><\/div><div style=\"--awb-backgroundcolor:rgba(255,255,255,0);border-color:rgba(255,255,255,0);\" class=\"fusion-column content-box-column content-box-column-5 col-lg-2 col-md-2 col-sm-2 fusion-content-box-hover content-box-column-last content-box-column-last-in-row\"><div class=\"col content-box-wrapper content-wrapper link-area-link-icon content-icon-wrapper-yes icon-hover-animation-fade\" data-animationOffset=\"top-into-view\"><div class=\"heading icon-left\"><h2 class=\"content-box-heading fusion-responsive-typography-calculated\" style=\"--h2_typography-font-size:24px;--fontSize:24;line-height:1.2;\">5<\/h2><\/div><div class=\"fusion-clearfix\"><\/div><div class=\"content-container\">Erimeye Maruz Kal\u0131r<\/div><\/div><\/div><div class=\"fusion-clearfix\"><\/div><\/div><div class=\"fusion-text fusion-text-1\"><p>Bu tablolar oda \u015fartlar\u0131ndaki testler .hammadde tedarik\u00e7ilerinin tavsiyeleri ve mu\u0308\u015fterilerimizin tecru\u0308beleriyle haz\u0131rlanm\u0131\u015ft\u0131r. Kullan\u0131c\u0131lar\u0131n farkl\u0131 \u015fartlardaki uygulamalar\u0131 u\u0308ru\u0308nlerin verimlili\u011finde de\u011fi\u015fik sonu\u00e7lar ortaya \u00e7\u0131karabilir. Verilen sonu\u00e7lar yakla\u015f\u0131kt\u0131r.<\/p>\n<\/div><\/div><\/div><\/div><\/div><div class=\"fusion-fullwidth fullwidth-box fusion-builder-row-2 fusion-flex-container has-pattern-background has-mask-background nonhundred-percent-fullwidth non-hundred-percent-height-scrolling\" style=\"--link_hover_color: var(--awb-color5);--link_color: var(--awb-color7);--awb-border-radius-top-left:0px;--awb-border-radius-top-right:0px;--awb-border-radius-bottom-right:0px;--awb-border-radius-bottom-left:0px;--awb-padding-bottom:20px;--awb-padding-top-medium:0px;--awb-padding-top-small:0px;--awb-flex-wrap:wrap;\" ><div class=\"fusion-builder-row fusion-row fusion-flex-align-items-stretch fusion-flex-justify-content-flex-end fusion-flex-content-wrap\" style=\"max-width:1310.4px;margin-left: calc(-4% \/ 2 );margin-right: calc(-4% \/ 2 );\"><div class=\"fusion-layout-column fusion_builder_column fusion-builder-column-3 fusion_builder_column_1_3 1_3 fusion-flex-column fusion-flex-align-self-stretch\" style=\"--awb-padding-right:10px;--awb-padding-left:10px;--awb-bg-size:cover;--awb-width-large:33.333333333333%;--awb-margin-top-large:20px;--awb-spacing-right-large:11.52%;--awb-margin-bottom-large:30px;--awb-spacing-left-large:5.76%;--awb-width-medium:100%;--awb-order-medium:0;--awb-spacing-right-medium:3.84%;--awb-margin-bottom-medium:0px;--awb-spacing-left-medium:1.92%;--awb-width-small:100%;--awb-order-small:0;--awb-margin-top-small:0px;--awb-spacing-right-small:1.92%;--awb-spacing-left-small:1.92%;\" data-scroll-devices=\"small-visibility,medium-visibility,large-visibility\"><div class=\"fusion-column-wrapper lazyload fusion-column-has-shadow fusion-flex-justify-content-center fusion-content-layout-column fusion-column-has-bg-image\" data-bg-url=\"https:\/\/gapex.com.tr\/wp-content\/uploads\/2023\/12\/technical-informations.webp\" data-bg=\"https:\/\/gapex.com.tr\/wp-content\/uploads\/2023\/12\/technical-informations.webp\"><div class=\"fusion-title title fusion-title-1 fusion-sep-none fusion-title-text fusion-title-size-three\" style=\"--awb-text-color:#ffffff;\"><h3 class=\"fusion-title-heading title-heading-left fusion-responsive-typography-calculated\" style=\"margin:0;--fontSize:36;line-height:1.3;\">Technical Informations <span style=\"color: var(--awb-color7);\">.<\/span><\/h3><\/div><\/div><\/div><div class=\"fusion-layout-column fusion_builder_column fusion-builder-column-4 fusion_builder_column_2_3 2_3 fusion-flex-column fusion-flex-align-self-stretch\" style=\"--awb-bg-size:cover;--awb-width-large:66.666666666667%;--awb-margin-top-large:20px;--awb-spacing-right-large:2.88%;--awb-margin-bottom-large:20px;--awb-spacing-left-large:2.88%;--awb-width-medium:66.666666666667%;--awb-order-medium:0;--awb-spacing-right-medium:2.88%;--awb-spacing-left-medium:2.88%;--awb-width-small:100%;--awb-order-small:0;--awb-spacing-right-small:1.92%;--awb-spacing-left-small:1.92%;\" data-scroll-devices=\"small-visibility,medium-visibility,large-visibility\"><div class=\"fusion-column-wrapper fusion-column-has-shadow fusion-flex-justify-content-flex-start fusion-content-layout-column\"><div class=\"fusion-builder-row fusion-builder-row-inner fusion-row fusion-flex-align-items-stretch fusion-flex-justify-content-flex-end fusion-flex-content-wrap\" style=\"width:104% !important;max-width:104% !important;margin-left: calc(-4% \/ 2 );margin-right: calc(-4% \/ 2 );\"><div class=\"fusion-layout-column fusion_builder_column_inner fusion-builder-nested-column-0 fusion_builder_column_inner_1_2 1_2 fusion-flex-column fusion-column-inner-bg-wrapper\" style=\"--awb-padding-top:36px;--awb-padding-right:40px;--awb-padding-bottom:36px;--awb-padding-left:40px;--awb-overflow:hidden;--awb-inner-bg-size:cover;--awb-box-shadow:0px 2px 4px -1px rgba(89,102,125,0);;--awb-border-color:rgba(89,102,125,0.1);--awb-border-top:1px;--awb-border-right:1px;--awb-border-bottom:1px;--awb-border-left:1px;--awb-border-style:solid;--awb-border-radius:8px 8px 8px 8px;--awb-inner-bg-border-radius:8px 8px 8px 8px;--awb-inner-bg-overflow:hidden;--awb-width-large:50%;--awb-margin-top-large:20px;--awb-spacing-right-large:3.84%;--awb-margin-bottom-large:20px;--awb-spacing-left-large:3.84%;--awb-width-medium:50%;--awb-order-medium:0;--awb-spacing-right-medium:3.84%;--awb-spacing-left-medium:3.84%;--awb-width-small:100%;--awb-order-small:0;--awb-spacing-right-small:1.92%;--awb-spacing-left-small:1.92%;\" data-scroll-devices=\"small-visibility,medium-visibility,large-visibility\"><span class=\"fusion-column-inner-bg hover-type-none\"><a class=\"fusion-column-anchor\" href=\"https:\/\/gapex.com.tr\/technical-information\/packing\/\" target=\"_blank\" rel=\"noopener\"><span class=\"fusion-column-inner-bg-image\"><\/span><\/a><\/span><div class=\"fusion-column-wrapper fusion-column-has-shadow fusion-flex-justify-content-flex-start fusion-content-layout-column\"><i class=\"fb-icon-element-1 fb-icon-element fontawesome-icon fa-box-open fas circle-no fusion-text-flow icon-hover-animation-slide\" style=\"--awb-font-size:32px;--awb-margin-right:16px;\"><\/i><div class=\"fusion-title title fusion-title-2 fusion-sep-none fusion-title-text fusion-title-size-four\"><h4 class=\"fusion-title-heading title-heading-left fusion-responsive-typography-calculated\" style=\"margin:0;--fontSize:24;--minFontSize:24;line-height:1.42;\">Packing<\/h4><\/div><\/div><\/div><div class=\"fusion-layout-column fusion_builder_column_inner fusion-builder-nested-column-1 fusion_builder_column_inner_1_2 1_2 fusion-flex-column fusion-column-inner-bg-wrapper\" style=\"--awb-padding-top:36px;--awb-padding-right:40px;--awb-padding-bottom:36px;--awb-padding-left:40px;--awb-overflow:hidden;--awb-inner-bg-size:cover;--awb-box-shadow:0px 2px 4px -1px rgba(89,102,125,0);;--awb-border-color:rgba(89,102,125,0.1);--awb-border-top:1px;--awb-border-right:1px;--awb-border-bottom:1px;--awb-border-left:1px;--awb-border-style:solid;--awb-border-radius:8px 8px 8px 8px;--awb-inner-bg-border-radius:8px 8px 8px 8px;--awb-inner-bg-overflow:hidden;--awb-width-large:50%;--awb-margin-top-large:20px;--awb-spacing-right-large:3.84%;--awb-margin-bottom-large:20px;--awb-spacing-left-large:3.84%;--awb-width-medium:50%;--awb-order-medium:0;--awb-spacing-right-medium:3.84%;--awb-spacing-left-medium:3.84%;--awb-width-small:100%;--awb-order-small:0;--awb-spacing-right-small:1.92%;--awb-spacing-left-small:1.92%;\" data-scroll-devices=\"small-visibility,medium-visibility,large-visibility\"><span class=\"fusion-column-inner-bg hover-type-none\"><a class=\"fusion-column-anchor\" href=\"https:\/\/gapex.com.tr\/technical-information\/quality-certifications\/\" target=\"_blank\" rel=\"noopener\"><span class=\"fusion-column-inner-bg-image\"><\/span><\/a><\/span><div class=\"fusion-column-wrapper fusion-column-has-shadow fusion-flex-justify-content-flex-start fusion-content-layout-column\"><i class=\"fb-icon-element-2 fb-icon-element fontawesome-icon fa-file fas circle-no fusion-text-flow icon-hover-animation-slide\" style=\"--awb-font-size:32px;--awb-margin-right:16px;\"><\/i><div class=\"fusion-title title fusion-title-3 fusion-sep-none fusion-title-text fusion-title-size-four\"><h4 class=\"fusion-title-heading title-heading-left fusion-responsive-typography-calculated\" style=\"margin:0;--fontSize:24;--minFontSize:24;line-height:1.42;\">Quality Certifications<\/h4><\/div><\/div><\/div><div class=\"fusion-layout-column fusion_builder_column_inner fusion-builder-nested-column-2 fusion_builder_column_inner_1_2 1_2 fusion-flex-column fusion-column-inner-bg-wrapper\" style=\"--awb-padding-top:36px;--awb-padding-right:40px;--awb-padding-bottom:36px;--awb-padding-left:40px;--awb-overflow:hidden;--awb-inner-bg-size:cover;--awb-box-shadow:0px 2px 4px -1px rgba(89,102,125,0);;--awb-border-color:rgba(89,102,125,0.1);--awb-border-top:1px;--awb-border-right:1px;--awb-border-bottom:1px;--awb-border-left:1px;--awb-border-style:solid;--awb-border-radius:8px 8px 8px 8px;--awb-inner-bg-border-radius:8px 8px 8px 8px;--awb-inner-bg-overflow:hidden;--awb-width-large:50%;--awb-margin-top-large:20px;--awb-spacing-right-large:3.84%;--awb-margin-bottom-large:20px;--awb-spacing-left-large:3.84%;--awb-width-medium:50%;--awb-order-medium:0;--awb-spacing-right-medium:3.84%;--awb-spacing-left-medium:3.84%;--awb-width-small:100%;--awb-order-small:0;--awb-spacing-right-small:1.92%;--awb-spacing-left-small:1.92%;\" data-scroll-devices=\"small-visibility,medium-visibility,large-visibility\"><span class=\"fusion-column-inner-bg hover-type-none\"><a class=\"fusion-column-anchor\" href=\"https:\/\/gapex.com.tr\/technical-information\/pressure-tables\/\" target=\"_blank\" rel=\"noopener\"><span class=\"fusion-column-inner-bg-image\"><\/span><\/a><\/span><div class=\"fusion-column-wrapper fusion-column-has-shadow fusion-flex-justify-content-flex-start fusion-content-layout-column\"><i class=\"fb-icon-element-3 fb-icon-element fontawesome-icon fa-compress-arrows-alt fas circle-no fusion-text-flow icon-hover-animation-slide\" style=\"--awb-font-size:32px;--awb-margin-right:16px;\"><\/i><div class=\"fusion-title title fusion-title-4 fusion-sep-none fusion-title-text fusion-title-size-four\"><h4 class=\"fusion-title-heading title-heading-left fusion-responsive-typography-calculated\" style=\"margin:0;--fontSize:24;--minFontSize:24;line-height:1.42;\">DIN 73378\/74324<br \/>\nPressure and Tolerance<br \/>\nTable<\/h4><\/div><\/div><\/div><div class=\"fusion-layout-column fusion_builder_column_inner fusion-builder-nested-column-3 fusion_builder_column_inner_1_2 1_2 fusion-flex-column fusion-column-inner-bg-wrapper\" style=\"--awb-padding-top:36px;--awb-padding-right:40px;--awb-padding-bottom:36px;--awb-padding-left:40px;--awb-overflow:hidden;--awb-inner-bg-size:cover;--awb-box-shadow:0px 2px 4px -1px rgba(89,102,125,0);;--awb-border-color:rgba(89,102,125,0.1);--awb-border-top:1px;--awb-border-right:1px;--awb-border-bottom:1px;--awb-border-left:1px;--awb-border-style:solid;--awb-border-radius:8px 8px 8px 8px;--awb-inner-bg-border-radius:8px 8px 8px 8px;--awb-inner-bg-overflow:hidden;--awb-width-large:50%;--awb-margin-top-large:20px;--awb-spacing-right-large:3.84%;--awb-margin-bottom-large:20px;--awb-spacing-left-large:3.84%;--awb-width-medium:50%;--awb-order-medium:0;--awb-spacing-right-medium:3.84%;--awb-spacing-left-medium:3.84%;--awb-width-small:100%;--awb-order-small:0;--awb-spacing-right-small:1.92%;--awb-spacing-left-small:1.92%;\" data-scroll-devices=\"small-visibility,medium-visibility,large-visibility\"><span class=\"fusion-column-inner-bg hover-type-none\"><a class=\"fusion-column-anchor\" href=\"https:\/\/gapex.com.tr\/technical-information\/chemical-resistance-table\/\" target=\"_blank\" rel=\"noopener\"><span class=\"fusion-column-inner-bg-image\"><\/span><\/a><\/span><div class=\"fusion-column-wrapper fusion-column-has-shadow fusion-flex-justify-content-flex-start fusion-content-layout-column\"><i class=\"fb-icon-element-4 fb-icon-element fontawesome-icon fa-flask fas circle-no fusion-text-flow icon-hover-animation-slide\" style=\"--awb-font-size:32px;--awb-margin-right:16px;\"><\/i><div class=\"fusion-title title fusion-title-5 fusion-sep-none fusion-title-text fusion-title-size-four\"><h4 class=\"fusion-title-heading title-heading-left fusion-responsive-typography-calculated\" style=\"margin:0;--fontSize:24;--minFontSize:24;line-height:1.42;\">Kimyasal Dayan\u0131m Cetveli<\/h4><\/div><\/div><\/div><\/div><\/div><\/div><\/div><\/div>\n<\/p>\n","protected":false},"excerpt":{"rendered":"","protected":false},"author":5,"featured_media":0,"parent":6476,"menu_order":40,"comment_status":"closed","ping_status":"closed","template":"100-width.php","meta":{"footnotes":""},"class_list":["post-6458","page","type-page","status-publish","hentry"],"_links":{"self":[{"href":"https:\/\/www.gapex.com.tr\/tr\/wp-json\/wp\/v2\/pages\/6458","targetHints":{"allow":["GET"]}}],"collection":[{"href":"https:\/\/www.gapex.com.tr\/tr\/wp-json\/wp\/v2\/pages"}],"about":[{"href":"https:\/\/www.gapex.com.tr\/tr\/wp-json\/wp\/v2\/types\/page"}],"author":[{"embeddable":true,"href":"https:\/\/www.gapex.com.tr\/tr\/wp-json\/wp\/v2\/users\/5"}],"replies":[{"embeddable":true,"href":"https:\/\/www.gapex.com.tr\/tr\/wp-json\/wp\/v2\/comments?post=6458"}],"version-history":[{"count":5,"href":"https:\/\/www.gapex.com.tr\/tr\/wp-json\/wp\/v2\/pages\/6458\/revisions"}],"predecessor-version":[{"id":7457,"href":"https:\/\/www.gapex.com.tr\/tr\/wp-json\/wp\/v2\/pages\/6458\/revisions\/7457"}],"up":[{"embeddable":true,"href":"https:\/\/www.gapex.com.tr\/tr\/wp-json\/wp\/v2\/pages\/6476"}],"wp:attachment":[{"href":"https:\/\/www.gapex.com.tr\/tr\/wp-json\/wp\/v2\/media?parent=6458"}],"curies":[{"name":"wp","href":"https:\/\/api.w.org\/{rel}","templated":true}]}}