{"id":6377,"date":"2023-10-24T20:54:30","date_gmt":"2023-10-24T17:54:30","guid":{"rendered":"https:\/\/gapex.com.tr\/urunler\/havali-fren-sistemi-rakorlari\/sasi-gecis-baglantisi\/"},"modified":"2024-08-08T15:49:34","modified_gmt":"2024-08-08T12:49:34","slug":"sasi-gecis-baglantisi","status":"publish","type":"page","link":"https:\/\/www.gapex.com.tr\/tr\/urunler\/rakorlar\/havali-fren-sistemi-rakorlari\/sasi-gecis-baglantisi\/","title":{"rendered":"\u015easi Ge\u00e7i\u015f Ba\u011flant\u0131s\u0131"},"content":{"rendered":"<p><div class=\"fusion-fullwidth fullwidth-box fusion-builder-row-1 fusion-flex-container has-pattern-background has-mask-background nonhundred-percent-fullwidth non-hundred-percent-height-scrolling\" style=\"--awb-border-radius-top-left:0px;--awb-border-radius-top-right:0px;--awb-border-radius-bottom-right:0px;--awb-border-radius-bottom-left:0px;--awb-padding-bottom:20px;--awb-padding-top-small:36px;--awb-padding-bottom-small:48px;--awb-background-image:linear-gradient(270deg, var(--awb-color2) 94%,var(--awb-color1) 94%);--awb-flex-wrap:wrap;\" ><div class=\"fusion-builder-row fusion-row fusion-flex-align-items-stretch fusion-flex-justify-content-center fusion-flex-content-wrap\" style=\"max-width:1310.4px;margin-left: calc(-4% \/ 2 );margin-right: calc(-4% \/ 2 );\"><div class=\"fusion-layout-column fusion_builder_column fusion-builder-column-0 fusion_builder_column_1_4 1_4 fusion-flex-column\" style=\"--awb-bg-size:cover;--awb-width-large:25%;--awb-margin-top-large:20px;--awb-spacing-right-large:30.72%;--awb-margin-bottom-large:20px;--awb-spacing-left-large:23.04%;--awb-width-medium:40%;--awb-order-medium:0;--awb-spacing-right-medium:9.6%;--awb-spacing-left-medium:14.4%;--awb-width-small:80%;--awb-order-small:0;--awb-spacing-right-small:4.8%;--awb-spacing-left-small:7.2%;\" data-scroll-devices=\"small-visibility,medium-visibility,large-visibility\"><div class=\"fusion-column-wrapper fusion-column-has-shadow fusion-flex-justify-content-center fusion-content-layout-column\"><div class=\"fusion-image-element \" style=\"text-align:center;--awb-caption-title-font-family:var(--h2_typography-font-family);--awb-caption-title-font-weight:var(--h2_typography-font-weight);--awb-caption-title-font-style:var(--h2_typography-font-style);--awb-caption-title-size:var(--h2_typography-font-size);--awb-caption-title-transform:var(--h2_typography-text-transform);--awb-caption-title-line-height:var(--h2_typography-line-height);--awb-caption-title-letter-spacing:var(--h2_typography-letter-spacing);\"><span class=\" fusion-imageframe imageframe-none imageframe-1 hover-type-none\" style=\"border-radius:12px;\"><a href=\"https:\/\/gapex.com.tr\/wp-content\/uploads\/2023\/10\/air-brake-connection-adapter-image-15.webp\" class=\"fusion-lightbox\" data-rel=\"iLightbox[391538ff6fe7d4bd8d7]\" data-title=\"air-brake-connection-adapter-image-15\" title=\"air-brake-connection-adapter-image-15\" target=\"_blank\" rel=\"noopener\"><img decoding=\"async\" width=\"600\" height=\"600\" src=\"https:\/\/www.gapex.com.tr\/wp-content\/uploads\/2023\/10\/air-brake-connection-adapter-image-15.webp\" data-orig-src=\"https:\/\/gapex.com.tr\/wp-content\/uploads\/2023\/10\/air-brake-connection-adapter-image-15.webp\" class=\"lazyload img-responsive wp-image-6062\" srcset=\"data:image\/svg+xml,%3Csvg%20xmlns%3D%27http%3A%2F%2Fwww.w3.org%2F2000%2Fsvg%27%20width%3D%27600%27%20height%3D%27600%27%20viewBox%3D%270%200%20600%20600%27%3E%3Crect%20width%3D%27600%27%20height%3D%27600%27%20fill-opacity%3D%220%22%2F%3E%3C%2Fsvg%3E\" data-srcset=\"https:\/\/www.gapex.com.tr\/wp-content\/uploads\/2023\/10\/air-brake-connection-adapter-image-15-66x66.webp 66w, https:\/\/www.gapex.com.tr\/wp-content\/uploads\/2023\/10\/air-brake-connection-adapter-image-15-150x150.webp 150w, https:\/\/www.gapex.com.tr\/wp-content\/uploads\/2023\/10\/air-brake-connection-adapter-image-15-200x200.webp 200w, https:\/\/www.gapex.com.tr\/wp-content\/uploads\/2023\/10\/air-brake-connection-adapter-image-15-300x300.webp 300w, https:\/\/www.gapex.com.tr\/wp-content\/uploads\/2023\/10\/air-brake-connection-adapter-image-15-400x400.webp 400w, https:\/\/www.gapex.com.tr\/wp-content\/uploads\/2023\/10\/air-brake-connection-adapter-image-15.webp 600w\" data-sizes=\"auto\" data-orig-sizes=\"(max-width: 640px) 100vw, 200px\" alt=\"\" title=\"\"><\/a><\/span><\/div><div class=\"fusion-separator fusion-full-width-sep\" style=\"align-self: center;margin-left: auto;margin-right: auto;margin-top:5px;margin-bottom:5px;width:100%;\"><\/div><\/div><\/div><div class=\"fusion-layout-column fusion_builder_column fusion-builder-column-1 fusion_builder_column_3_4 3_4 fusion-flex-column\" style=\"--awb-bg-size:cover;--awb-width-large:75%;--awb-margin-top-large:20px;--awb-spacing-right-large:10.24%;--awb-margin-bottom-large:20px;--awb-spacing-left-large:7.68%;--awb-width-medium:40%;--awb-order-medium:0;--awb-spacing-right-medium:9.6%;--awb-spacing-left-medium:14.4%;--awb-width-small:80%;--awb-order-small:0;--awb-spacing-right-small:4.8%;--awb-spacing-left-small:7.2%;\" data-scroll-devices=\"small-visibility,medium-visibility,large-visibility\"><div class=\"fusion-column-wrapper fusion-column-has-shadow fusion-flex-justify-content-center fusion-content-layout-column\"><div class=\"fusion-image-element \" style=\"text-align:center;--awb-caption-title-font-family:var(--h2_typography-font-family);--awb-caption-title-font-weight:var(--h2_typography-font-weight);--awb-caption-title-font-style:var(--h2_typography-font-style);--awb-caption-title-size:var(--h2_typography-font-size);--awb-caption-title-transform:var(--h2_typography-text-transform);--awb-caption-title-line-height:var(--h2_typography-line-height);--awb-caption-title-letter-spacing:var(--h2_typography-letter-spacing);\"><span class=\" fusion-imageframe imageframe-none imageframe-2 hover-type-none\" style=\"border-radius:12px;\"><a href=\"https:\/\/gapex.com.tr\/wp-content\/uploads\/2023\/10\/air-brake-connection-adapter-table-15.webp\" class=\"fusion-lightbox\" data-rel=\"iLightbox[f2befd57f1bc2e255f4]\" data-title=\"air-brake-connection-adapter-table-15\" title=\"air-brake-connection-adapter-table-15\" target=\"_blank\" rel=\"noopener\"><img decoding=\"async\" width=\"1400\" height=\"423\" src=\"https:\/\/www.gapex.com.tr\/wp-content\/uploads\/2023\/10\/air-brake-connection-adapter-table-15.webp\" data-orig-src=\"https:\/\/gapex.com.tr\/wp-content\/uploads\/2023\/10\/air-brake-connection-adapter-table-15.webp\" class=\"lazyload img-responsive wp-image-6061\" srcset=\"data:image\/svg+xml,%3Csvg%20xmlns%3D%27http%3A%2F%2Fwww.w3.org%2F2000%2Fsvg%27%20width%3D%271400%27%20height%3D%27423%27%20viewBox%3D%270%200%201400%20423%27%3E%3Crect%20width%3D%271400%27%20height%3D%27423%27%20fill-opacity%3D%220%22%2F%3E%3C%2Fsvg%3E\" data-srcset=\"https:\/\/www.gapex.com.tr\/wp-content\/uploads\/2023\/10\/air-brake-connection-adapter-table-15-200x60.webp 200w, https:\/\/www.gapex.com.tr\/wp-content\/uploads\/2023\/10\/air-brake-connection-adapter-table-15-300x91.webp 300w, https:\/\/www.gapex.com.tr\/wp-content\/uploads\/2023\/10\/air-brake-connection-adapter-table-15-400x121.webp 400w, https:\/\/www.gapex.com.tr\/wp-content\/uploads\/2023\/10\/air-brake-connection-adapter-table-15-600x181.webp 600w, https:\/\/www.gapex.com.tr\/wp-content\/uploads\/2023\/10\/air-brake-connection-adapter-table-15-768x232.webp 768w, https:\/\/www.gapex.com.tr\/wp-content\/uploads\/2023\/10\/air-brake-connection-adapter-table-15-800x242.webp 800w, https:\/\/www.gapex.com.tr\/wp-content\/uploads\/2023\/10\/air-brake-connection-adapter-table-15-1024x309.webp 1024w, https:\/\/www.gapex.com.tr\/wp-content\/uploads\/2023\/10\/air-brake-connection-adapter-table-15-1200x363.webp 1200w, https:\/\/www.gapex.com.tr\/wp-content\/uploads\/2023\/10\/air-brake-connection-adapter-table-15.webp 1400w\" data-sizes=\"auto\" data-orig-sizes=\"(max-width: 640px) 100vw, 800px\" alt=\"\" title=\"\"><\/a><\/span><\/div><div class=\"fusion-separator fusion-full-width-sep\" style=\"align-self: center;margin-left: auto;margin-right: auto;margin-top:5px;margin-bottom:5px;width:100%;\"><\/div><\/div><\/div><\/div><\/div><div class=\"fusion-fullwidth fullwidth-box fusion-builder-row-2 fusion-flex-container has-pattern-background has-mask-background nonhundred-percent-fullwidth non-hundred-percent-height-scrolling\" style=\"--awb-border-radius-top-left:0px;--awb-border-radius-top-right:0px;--awb-border-radius-bottom-right:0px;--awb-border-radius-bottom-left:0px;--awb-padding-bottom:20px;--awb-padding-top-small:36px;--awb-padding-bottom-small:48px;--awb-background-image:linear-gradient(270deg, var(--awb-color2) 94%,var(--awb-color1) 94%);--awb-flex-wrap:wrap;\" ><div class=\"fusion-builder-row fusion-row fusion-flex-align-items-stretch fusion-flex-justify-content-center fusion-flex-content-wrap\" style=\"max-width:1310.4px;margin-left: calc(-4% \/ 2 );margin-right: calc(-4% \/ 2 );\"><div class=\"fusion-layout-column fusion_builder_column fusion-builder-column-2 fusion_builder_column_1_4 1_4 fusion-flex-column\" style=\"--awb-bg-size:cover;--awb-width-large:25%;--awb-margin-top-large:20px;--awb-spacing-right-large:30.72%;--awb-margin-bottom-large:20px;--awb-spacing-left-large:23.04%;--awb-width-medium:40%;--awb-order-medium:0;--awb-spacing-right-medium:9.6%;--awb-spacing-left-medium:14.4%;--awb-width-small:80%;--awb-order-small:0;--awb-spacing-right-small:4.8%;--awb-spacing-left-small:7.2%;\" data-scroll-devices=\"small-visibility,medium-visibility,large-visibility\"><div class=\"fusion-column-wrapper fusion-column-has-shadow fusion-flex-justify-content-center fusion-content-layout-column\"><div class=\"fusion-image-element \" style=\"text-align:center;--awb-caption-title-font-family:var(--h2_typography-font-family);--awb-caption-title-font-weight:var(--h2_typography-font-weight);--awb-caption-title-font-style:var(--h2_typography-font-style);--awb-caption-title-size:var(--h2_typography-font-size);--awb-caption-title-transform:var(--h2_typography-text-transform);--awb-caption-title-line-height:var(--h2_typography-line-height);--awb-caption-title-letter-spacing:var(--h2_typography-letter-spacing);\"><span class=\" fusion-imageframe imageframe-none imageframe-3 hover-type-none\" style=\"border-radius:12px;\"><a href=\"https:\/\/gapex.com.tr\/wp-content\/uploads\/2023\/10\/air-brake-connection-adapter-image-16.webp\" class=\"fusion-lightbox\" data-rel=\"iLightbox[186550a92f7d2a3ea39]\" data-title=\"air-brake-connection-adapter-image-16\" title=\"air-brake-connection-adapter-image-16\" target=\"_blank\" rel=\"noopener\"><img decoding=\"async\" width=\"600\" height=\"600\" src=\"https:\/\/www.gapex.com.tr\/wp-content\/uploads\/2023\/10\/air-brake-connection-adapter-image-16.webp\" data-orig-src=\"https:\/\/gapex.com.tr\/wp-content\/uploads\/2023\/10\/air-brake-connection-adapter-image-16.webp\" class=\"lazyload img-responsive wp-image-6064\" srcset=\"data:image\/svg+xml,%3Csvg%20xmlns%3D%27http%3A%2F%2Fwww.w3.org%2F2000%2Fsvg%27%20width%3D%27600%27%20height%3D%27600%27%20viewBox%3D%270%200%20600%20600%27%3E%3Crect%20width%3D%27600%27%20height%3D%27600%27%20fill-opacity%3D%220%22%2F%3E%3C%2Fsvg%3E\" data-srcset=\"https:\/\/www.gapex.com.tr\/wp-content\/uploads\/2023\/10\/air-brake-connection-adapter-image-16-66x66.webp 66w, https:\/\/www.gapex.com.tr\/wp-content\/uploads\/2023\/10\/air-brake-connection-adapter-image-16-150x150.webp 150w, https:\/\/www.gapex.com.tr\/wp-content\/uploads\/2023\/10\/air-brake-connection-adapter-image-16-200x200.webp 200w, https:\/\/www.gapex.com.tr\/wp-content\/uploads\/2023\/10\/air-brake-connection-adapter-image-16-300x300.webp 300w, https:\/\/www.gapex.com.tr\/wp-content\/uploads\/2023\/10\/air-brake-connection-adapter-image-16-400x400.webp 400w, https:\/\/www.gapex.com.tr\/wp-content\/uploads\/2023\/10\/air-brake-connection-adapter-image-16.webp 600w\" data-sizes=\"auto\" data-orig-sizes=\"(max-width: 640px) 100vw, 200px\" alt=\"\" title=\"\"><\/a><\/span><\/div><div class=\"fusion-separator fusion-full-width-sep\" style=\"align-self: center;margin-left: auto;margin-right: auto;margin-top:5px;margin-bottom:5px;width:100%;\"><\/div><\/div><\/div><div class=\"fusion-layout-column fusion_builder_column fusion-builder-column-3 fusion_builder_column_3_4 3_4 fusion-flex-column\" style=\"--awb-bg-size:cover;--awb-width-large:75%;--awb-margin-top-large:20px;--awb-spacing-right-large:10.24%;--awb-margin-bottom-large:20px;--awb-spacing-left-large:7.68%;--awb-width-medium:40%;--awb-order-medium:0;--awb-spacing-right-medium:9.6%;--awb-spacing-left-medium:14.4%;--awb-width-small:80%;--awb-order-small:0;--awb-spacing-right-small:4.8%;--awb-spacing-left-small:7.2%;\" data-scroll-devices=\"small-visibility,medium-visibility,large-visibility\"><div class=\"fusion-column-wrapper fusion-column-has-shadow fusion-flex-justify-content-center fusion-content-layout-column\"><div class=\"fusion-image-element \" style=\"text-align:center;--awb-caption-title-font-family:var(--h2_typography-font-family);--awb-caption-title-font-weight:var(--h2_typography-font-weight);--awb-caption-title-font-style:var(--h2_typography-font-style);--awb-caption-title-size:var(--h2_typography-font-size);--awb-caption-title-transform:var(--h2_typography-text-transform);--awb-caption-title-line-height:var(--h2_typography-line-height);--awb-caption-title-letter-spacing:var(--h2_typography-letter-spacing);\"><span class=\" fusion-imageframe imageframe-none imageframe-4 hover-type-none\" style=\"border-radius:12px;\"><a href=\"https:\/\/gapex.com.tr\/wp-content\/uploads\/2023\/10\/air-brake-connection-adapter-table-16.webp\" class=\"fusion-lightbox\" data-rel=\"iLightbox[83e8ce4f14b5b3b2522]\" data-title=\"air-brake-connection-adapter-table-16\" title=\"air-brake-connection-adapter-table-16\" target=\"_blank\" rel=\"noopener\"><img decoding=\"async\" width=\"1400\" height=\"576\" src=\"https:\/\/www.gapex.com.tr\/wp-content\/uploads\/2023\/10\/air-brake-connection-adapter-table-16.webp\" data-orig-src=\"https:\/\/gapex.com.tr\/wp-content\/uploads\/2023\/10\/air-brake-connection-adapter-table-16.webp\" class=\"lazyload img-responsive wp-image-6063\" srcset=\"data:image\/svg+xml,%3Csvg%20xmlns%3D%27http%3A%2F%2Fwww.w3.org%2F2000%2Fsvg%27%20width%3D%271400%27%20height%3D%27576%27%20viewBox%3D%270%200%201400%20576%27%3E%3Crect%20width%3D%271400%27%20height%3D%27576%27%20fill-opacity%3D%220%22%2F%3E%3C%2Fsvg%3E\" data-srcset=\"https:\/\/www.gapex.com.tr\/wp-content\/uploads\/2023\/10\/air-brake-connection-adapter-table-16-200x82.webp 200w, https:\/\/www.gapex.com.tr\/wp-content\/uploads\/2023\/10\/air-brake-connection-adapter-table-16-300x123.webp 300w, https:\/\/www.gapex.com.tr\/wp-content\/uploads\/2023\/10\/air-brake-connection-adapter-table-16-400x165.webp 400w, https:\/\/www.gapex.com.tr\/wp-content\/uploads\/2023\/10\/air-brake-connection-adapter-table-16-600x247.webp 600w, https:\/\/www.gapex.com.tr\/wp-content\/uploads\/2023\/10\/air-brake-connection-adapter-table-16-768x316.webp 768w, https:\/\/www.gapex.com.tr\/wp-content\/uploads\/2023\/10\/air-brake-connection-adapter-table-16-800x329.webp 800w, https:\/\/www.gapex.com.tr\/wp-content\/uploads\/2023\/10\/air-brake-connection-adapter-table-16-1024x421.webp 1024w, https:\/\/www.gapex.com.tr\/wp-content\/uploads\/2023\/10\/air-brake-connection-adapter-table-16-1200x494.webp 1200w, https:\/\/www.gapex.com.tr\/wp-content\/uploads\/2023\/10\/air-brake-connection-adapter-table-16.webp 1400w\" data-sizes=\"auto\" data-orig-sizes=\"(max-width: 640px) 100vw, 800px\" alt=\"\" title=\"\"><\/a><\/span><\/div><div class=\"fusion-separator fusion-full-width-sep\" style=\"align-self: center;margin-left: auto;margin-right: auto;margin-top:5px;margin-bottom:5px;width:100%;\"><\/div><\/div><\/div><\/div><\/div><div class=\"fusion-fullwidth fullwidth-box fusion-builder-row-3 fusion-flex-container has-pattern-background has-mask-background nonhundred-percent-fullwidth non-hundred-percent-height-scrolling\" style=\"--awb-border-radius-top-left:0px;--awb-border-radius-top-right:0px;--awb-border-radius-bottom-right:0px;--awb-border-radius-bottom-left:0px;--awb-padding-bottom:20px;--awb-padding-top-small:36px;--awb-padding-bottom-small:48px;--awb-background-image:linear-gradient(270deg, var(--awb-color2) 94%,var(--awb-color1) 94%);--awb-flex-wrap:wrap;\" ><div class=\"fusion-builder-row fusion-row fusion-flex-align-items-stretch fusion-flex-justify-content-center fusion-flex-content-wrap\" style=\"max-width:1310.4px;margin-left: calc(-4% \/ 2 );margin-right: calc(-4% \/ 2 );\"><div class=\"fusion-layout-column fusion_builder_column fusion-builder-column-4 fusion_builder_column_1_4 1_4 fusion-flex-column\" style=\"--awb-bg-size:cover;--awb-width-large:25%;--awb-margin-top-large:20px;--awb-spacing-right-large:30.72%;--awb-margin-bottom-large:20px;--awb-spacing-left-large:23.04%;--awb-width-medium:40%;--awb-order-medium:0;--awb-spacing-right-medium:9.6%;--awb-spacing-left-medium:14.4%;--awb-width-small:80%;--awb-order-small:0;--awb-spacing-right-small:4.8%;--awb-spacing-left-small:7.2%;\" data-scroll-devices=\"small-visibility,medium-visibility,large-visibility\"><div class=\"fusion-column-wrapper fusion-column-has-shadow fusion-flex-justify-content-center fusion-content-layout-column\"><div class=\"fusion-image-element \" style=\"text-align:center;--awb-caption-title-font-family:var(--h2_typography-font-family);--awb-caption-title-font-weight:var(--h2_typography-font-weight);--awb-caption-title-font-style:var(--h2_typography-font-style);--awb-caption-title-size:var(--h2_typography-font-size);--awb-caption-title-transform:var(--h2_typography-text-transform);--awb-caption-title-line-height:var(--h2_typography-line-height);--awb-caption-title-letter-spacing:var(--h2_typography-letter-spacing);\"><span class=\" fusion-imageframe imageframe-none imageframe-5 hover-type-none\" style=\"border-radius:12px;\"><a href=\"https:\/\/gapex.com.tr\/wp-content\/uploads\/2023\/10\/air-brake-connection-adapter-image-27.webp\" class=\"fusion-lightbox\" data-rel=\"iLightbox[90d84a8192e478eeebc]\" data-title=\"air-brake-connection-adapter-image-27\" title=\"air-brake-connection-adapter-image-27\" target=\"_blank\" rel=\"noopener\"><img decoding=\"async\" width=\"600\" height=\"600\" src=\"https:\/\/www.gapex.com.tr\/wp-content\/uploads\/2023\/10\/air-brake-connection-adapter-image-27.webp\" data-orig-src=\"https:\/\/gapex.com.tr\/wp-content\/uploads\/2023\/10\/air-brake-connection-adapter-image-27.webp\" class=\"lazyload img-responsive wp-image-6086\" srcset=\"data:image\/svg+xml,%3Csvg%20xmlns%3D%27http%3A%2F%2Fwww.w3.org%2F2000%2Fsvg%27%20width%3D%27600%27%20height%3D%27600%27%20viewBox%3D%270%200%20600%20600%27%3E%3Crect%20width%3D%27600%27%20height%3D%27600%27%20fill-opacity%3D%220%22%2F%3E%3C%2Fsvg%3E\" data-srcset=\"https:\/\/www.gapex.com.tr\/wp-content\/uploads\/2023\/10\/air-brake-connection-adapter-image-27-66x66.webp 66w, https:\/\/www.gapex.com.tr\/wp-content\/uploads\/2023\/10\/air-brake-connection-adapter-image-27-150x150.webp 150w, https:\/\/www.gapex.com.tr\/wp-content\/uploads\/2023\/10\/air-brake-connection-adapter-image-27-200x200.webp 200w, https:\/\/www.gapex.com.tr\/wp-content\/uploads\/2023\/10\/air-brake-connection-adapter-image-27-300x300.webp 300w, https:\/\/www.gapex.com.tr\/wp-content\/uploads\/2023\/10\/air-brake-connection-adapter-image-27-400x400.webp 400w, https:\/\/www.gapex.com.tr\/wp-content\/uploads\/2023\/10\/air-brake-connection-adapter-image-27.webp 600w\" data-sizes=\"auto\" data-orig-sizes=\"(max-width: 640px) 100vw, 200px\" alt=\"\" title=\"\"><\/a><\/span><\/div><div class=\"fusion-separator fusion-full-width-sep\" style=\"align-self: center;margin-left: auto;margin-right: auto;margin-top:5px;margin-bottom:5px;width:100%;\"><\/div><\/div><\/div><div class=\"fusion-layout-column fusion_builder_column fusion-builder-column-5 fusion_builder_column_3_4 3_4 fusion-flex-column\" style=\"--awb-bg-size:cover;--awb-width-large:75%;--awb-margin-top-large:20px;--awb-spacing-right-large:10.24%;--awb-margin-bottom-large:20px;--awb-spacing-left-large:7.68%;--awb-width-medium:40%;--awb-order-medium:0;--awb-spacing-right-medium:9.6%;--awb-spacing-left-medium:14.4%;--awb-width-small:80%;--awb-order-small:0;--awb-spacing-right-small:4.8%;--awb-spacing-left-small:7.2%;\" data-scroll-devices=\"small-visibility,medium-visibility,large-visibility\"><div class=\"fusion-column-wrapper fusion-column-has-shadow fusion-flex-justify-content-center fusion-content-layout-column\"><div class=\"fusion-image-element \" style=\"text-align:center;--awb-caption-title-font-family:var(--h2_typography-font-family);--awb-caption-title-font-weight:var(--h2_typography-font-weight);--awb-caption-title-font-style:var(--h2_typography-font-style);--awb-caption-title-size:var(--h2_typography-font-size);--awb-caption-title-transform:var(--h2_typography-text-transform);--awb-caption-title-line-height:var(--h2_typography-line-height);--awb-caption-title-letter-spacing:var(--h2_typography-letter-spacing);\"><span class=\" fusion-imageframe imageframe-none imageframe-6 hover-type-none\" style=\"border-radius:12px;\"><a href=\"https:\/\/gapex.com.tr\/wp-content\/uploads\/2023\/10\/air-brake-connection-adapter-table-27.webp\" class=\"fusion-lightbox\" data-rel=\"iLightbox[2762a391d8286f4dd0d]\" data-title=\"air-brake-connection-adapter-table-27\" title=\"air-brake-connection-adapter-table-27\" target=\"_blank\" rel=\"noopener\"><img decoding=\"async\" width=\"1400\" height=\"473\" src=\"https:\/\/www.gapex.com.tr\/wp-content\/uploads\/2023\/10\/air-brake-connection-adapter-table-27.webp\" data-orig-src=\"https:\/\/gapex.com.tr\/wp-content\/uploads\/2023\/10\/air-brake-connection-adapter-table-27.webp\" class=\"lazyload img-responsive wp-image-6085\" srcset=\"data:image\/svg+xml,%3Csvg%20xmlns%3D%27http%3A%2F%2Fwww.w3.org%2F2000%2Fsvg%27%20width%3D%271400%27%20height%3D%27473%27%20viewBox%3D%270%200%201400%20473%27%3E%3Crect%20width%3D%271400%27%20height%3D%27473%27%20fill-opacity%3D%220%22%2F%3E%3C%2Fsvg%3E\" data-srcset=\"https:\/\/www.gapex.com.tr\/wp-content\/uploads\/2023\/10\/air-brake-connection-adapter-table-27-200x68.webp 200w, https:\/\/www.gapex.com.tr\/wp-content\/uploads\/2023\/10\/air-brake-connection-adapter-table-27-300x101.webp 300w, https:\/\/www.gapex.com.tr\/wp-content\/uploads\/2023\/10\/air-brake-connection-adapter-table-27-400x135.webp 400w, https:\/\/www.gapex.com.tr\/wp-content\/uploads\/2023\/10\/air-brake-connection-adapter-table-27-600x203.webp 600w, https:\/\/www.gapex.com.tr\/wp-content\/uploads\/2023\/10\/air-brake-connection-adapter-table-27-768x259.webp 768w, https:\/\/www.gapex.com.tr\/wp-content\/uploads\/2023\/10\/air-brake-connection-adapter-table-27-800x270.webp 800w, https:\/\/www.gapex.com.tr\/wp-content\/uploads\/2023\/10\/air-brake-connection-adapter-table-27-1024x346.webp 1024w, https:\/\/www.gapex.com.tr\/wp-content\/uploads\/2023\/10\/air-brake-connection-adapter-table-27-1200x405.webp 1200w, https:\/\/www.gapex.com.tr\/wp-content\/uploads\/2023\/10\/air-brake-connection-adapter-table-27.webp 1400w\" data-sizes=\"auto\" data-orig-sizes=\"(max-width: 640px) 100vw, 800px\" alt=\"\" title=\"\"><\/a><\/span><\/div><div class=\"fusion-separator fusion-full-width-sep\" style=\"align-self: center;margin-left: auto;margin-right: auto;margin-top:5px;margin-bottom:5px;width:100%;\"><\/div><\/div><\/div><\/div><\/div><\/p>\n","protected":false},"excerpt":{"rendered":"","protected":false},"author":5,"featured_media":6062,"parent":6337,"menu_order":150,"comment_status":"closed","ping_status":"closed","template":"100-width.php","meta":{"footnotes":""},"class_list":["post-6377","page","type-page","status-publish","has-post-thumbnail","hentry"],"_links":{"self":[{"href":"https:\/\/www.gapex.com.tr\/tr\/wp-json\/wp\/v2\/pages\/6377","targetHints":{"allow":["GET"]}}],"collection":[{"href":"https:\/\/www.gapex.com.tr\/tr\/wp-json\/wp\/v2\/pages"}],"about":[{"href":"https:\/\/www.gapex.com.tr\/tr\/wp-json\/wp\/v2\/types\/page"}],"author":[{"embeddable":true,"href":"https:\/\/www.gapex.com.tr\/tr\/wp-json\/wp\/v2\/users\/5"}],"replies":[{"embeddable":true,"href":"https:\/\/www.gapex.com.tr\/tr\/wp-json\/wp\/v2\/comments?post=6377"}],"version-history":[{"count":5,"href":"https:\/\/www.gapex.com.tr\/tr\/wp-json\/wp\/v2\/pages\/6377\/revisions"}],"predecessor-version":[{"id":7417,"href":"https:\/\/www.gapex.com.tr\/tr\/wp-json\/wp\/v2\/pages\/6377\/revisions\/7417"}],"up":[{"embeddable":true,"href":"https:\/\/www.gapex.com.tr\/tr\/wp-json\/wp\/v2\/pages\/6337"}],"wp:featuredmedia":[{"embeddable":true,"href":"https:\/\/www.gapex.com.tr\/tr\/wp-json\/wp\/v2\/media\/6062"}],"wp:attachment":[{"href":"https:\/\/www.gapex.com.tr\/tr\/wp-json\/wp\/v2\/media?parent=6377"}],"curies":[{"name":"wp","href":"https:\/\/api.w.org\/{rel}","templated":true}]}}