{"id":6206,"date":"2023-10-20T12:19:43","date_gmt":"2023-10-20T09:19:43","guid":{"rendered":"https:\/\/gapex.com.tr\/urunler\/poliuretan-hortumlar\/"},"modified":"2024-08-12T16:08:45","modified_gmt":"2024-08-12T13:08:45","slug":"poliuretan-hortumlar","status":"publish","type":"page","link":"https:\/\/www.gapex.com.tr\/tr\/urunler\/poliuretan-hortumlar\/","title":{"rendered":"Poliu\u0308retan Hortumlar"},"content":{"rendered":"<div class=\"fusion-fullwidth fullwidth-box fusion-builder-row-1 fusion-flex-container nonhundred-percent-fullwidth non-hundred-percent-height-scrolling\" style=\"--awb-border-radius-top-left:0px;--awb-border-radius-top-right:0px;--awb-border-radius-bottom-right:0px;--awb-border-radius-bottom-left:0px;--awb-padding-top:80px;--awb-padding-bottom:80px;--awb-padding-top-medium:48px;--awb-padding-bottom-medium:48px;--awb-padding-top-small:20px;--awb-padding-bottom-small:40px;--awb-background-color:var(--awb-color2);--awb-flex-wrap:wrap;\" ><div class=\"fusion-builder-row fusion-row fusion-flex-align-items-flex-start fusion-flex-justify-content-center fusion-flex-content-wrap\" style=\"max-width:1310.4px;margin-left: calc(-4% \/ 2 );margin-right: calc(-4% \/ 2 );\"><div class=\"fusion-layout-column fusion_builder_column fusion-builder-column-0 fusion_builder_column_1_4 1_4 fusion-flex-column fusion-column-inner-bg-wrapper\" style=\"--awb-inner-bg-size:cover;--awb-width-large:25%;--awb-margin-top-large:20px;--awb-spacing-right-large:7.68%;--awb-margin-bottom-large:20px;--awb-spacing-left-large:7.68%;--awb-width-medium:25%;--awb-order-medium:0;--awb-spacing-right-medium:7.68%;--awb-spacing-left-medium:7.68%;--awb-width-small:100%;--awb-order-small:0;--awb-spacing-right-small:1.92%;--awb-spacing-left-small:1.92%;\" data-scroll-devices=\"small-visibility,medium-visibility,large-visibility\"><span class=\"fusion-column-inner-bg hover-type-none\"><a class=\"fusion-column-anchor\" href=\"https:\/\/gapex.com.tr\/tr\/urunler\/poliuretan-hortumlar\/poliuretan-hortumlar-ester-bazli\/\" target=\"_blank\" rel=\"noopener\"><span class=\"fusion-column-inner-bg-image\"><\/span><\/a><\/span><div class=\"fusion-column-wrapper fusion-column-has-shadow fusion-flex-justify-content-flex-start fusion-content-layout-column\"><div class=\"fusion-image-element \" style=\"text-align:center;--awb-max-width:200px;--awb-caption-title-font-family:var(--h2_typography-font-family);--awb-caption-title-font-weight:var(--h2_typography-font-weight);--awb-caption-title-font-style:var(--h2_typography-font-style);--awb-caption-title-size:var(--h2_typography-font-size);--awb-caption-title-transform:var(--h2_typography-text-transform);--awb-caption-title-line-height:var(--h2_typography-line-height);--awb-caption-title-letter-spacing:var(--h2_typography-letter-spacing);\"><span class=\" fusion-imageframe imageframe-none imageframe-1 hover-type-none\" style=\"border:5px solid var(--awb-color7);border-radius:50%;\"><img decoding=\"async\" width=\"1200\" height=\"1200\" title=\"polyurethane-tubes-ester-images-1\" src=\"https:\/\/www.gapex.com.tr\/wp-content\/uploads\/2023\/09\/polyurethane-tubes-ester-images-1.webp\" data-orig-src=\"https:\/\/gapex.com.tr\/wp-content\/uploads\/2023\/09\/polyurethane-tubes-ester-images-1.webp\" class=\"lazyload img-responsive wp-image-5874\" srcset=\"data:image\/svg+xml,%3Csvg%20xmlns%3D%27http%3A%2F%2Fwww.w3.org%2F2000%2Fsvg%27%20width%3D%271200%27%20height%3D%271200%27%20viewBox%3D%270%200%201200%201200%27%3E%3Crect%20width%3D%271200%27%20height%3D%271200%27%20fill-opacity%3D%220%22%2F%3E%3C%2Fsvg%3E\" data-srcset=\"https:\/\/www.gapex.com.tr\/wp-content\/uploads\/2023\/09\/polyurethane-tubes-ester-images-1-66x66.webp 66w, https:\/\/www.gapex.com.tr\/wp-content\/uploads\/2023\/09\/polyurethane-tubes-ester-images-1-150x150.webp 150w, https:\/\/www.gapex.com.tr\/wp-content\/uploads\/2023\/09\/polyurethane-tubes-ester-images-1-200x200.webp 200w, https:\/\/www.gapex.com.tr\/wp-content\/uploads\/2023\/09\/polyurethane-tubes-ester-images-1-300x300.webp 300w, https:\/\/www.gapex.com.tr\/wp-content\/uploads\/2023\/09\/polyurethane-tubes-ester-images-1-400x400.webp 400w, https:\/\/www.gapex.com.tr\/wp-content\/uploads\/2023\/09\/polyurethane-tubes-ester-images-1-500x500.webp 500w, https:\/\/www.gapex.com.tr\/wp-content\/uploads\/2023\/09\/polyurethane-tubes-ester-images-1-600x600.webp 600w, https:\/\/www.gapex.com.tr\/wp-content\/uploads\/2023\/09\/polyurethane-tubes-ester-images-1-700x700.webp 700w, https:\/\/www.gapex.com.tr\/wp-content\/uploads\/2023\/09\/polyurethane-tubes-ester-images-1-768x768.webp 768w, https:\/\/www.gapex.com.tr\/wp-content\/uploads\/2023\/09\/polyurethane-tubes-ester-images-1-800x800.webp 800w, https:\/\/www.gapex.com.tr\/wp-content\/uploads\/2023\/09\/polyurethane-tubes-ester-images-1-1024x1024.webp 1024w, https:\/\/www.gapex.com.tr\/wp-content\/uploads\/2023\/09\/polyurethane-tubes-ester-images-1.webp 1200w\" data-sizes=\"auto\" data-orig-sizes=\"(max-width: 640px) 100vw, 400px\" alt=\"\"><\/span><\/div><div class=\"fusion-title title fusion-title-1 fusion-sep-none fusion-title-center fusion-title-text fusion-title-size-five\" style=\"--awb-margin-bottom:0px;\"><h5 class=\"fusion-title-heading title-heading-center fusion-responsive-typography-calculated\" style=\"margin:0;--fontSize:20;--minFontSize:20;line-height:1.4;\">Poliu\u0308retan Hortumlar (Ester Bazl\u0131)<\/h5><\/div><div class=\"fusion-text fusion-text-1\" style=\"--awb-font-size:14px;\"><p style=\"text-align: center;\">(PU Ester)<\/p>\n<\/div><\/div><\/div><div class=\"fusion-layout-column fusion_builder_column fusion-builder-column-1 fusion_builder_column_1_4 1_4 fusion-flex-column fusion-column-inner-bg-wrapper\" style=\"--awb-inner-bg-size:cover;--awb-width-large:25%;--awb-margin-top-large:20px;--awb-spacing-right-large:7.68%;--awb-margin-bottom-large:20px;--awb-spacing-left-large:7.68%;--awb-width-medium:25%;--awb-order-medium:0;--awb-spacing-right-medium:7.68%;--awb-spacing-left-medium:7.68%;--awb-width-small:100%;--awb-order-small:0;--awb-spacing-right-small:1.92%;--awb-spacing-left-small:1.92%;\" data-scroll-devices=\"small-visibility,medium-visibility,large-visibility\"><span class=\"fusion-column-inner-bg hover-type-none\"><a class=\"fusion-column-anchor\" href=\"https:\/\/gapex.com.tr\/tr\/urunler\/poliuretan-hortumlar\/poliuretan-hortumlar-ether-bazli\/\" target=\"_blank\" rel=\"noopener\"><span class=\"fusion-column-inner-bg-image\"><\/span><\/a><\/span><div class=\"fusion-column-wrapper fusion-column-has-shadow fusion-flex-justify-content-flex-start fusion-content-layout-column\"><div class=\"fusion-image-element \" style=\"text-align:center;--awb-max-width:200px;--awb-caption-title-font-family:var(--h2_typography-font-family);--awb-caption-title-font-weight:var(--h2_typography-font-weight);--awb-caption-title-font-style:var(--h2_typography-font-style);--awb-caption-title-size:var(--h2_typography-font-size);--awb-caption-title-transform:var(--h2_typography-text-transform);--awb-caption-title-line-height:var(--h2_typography-line-height);--awb-caption-title-letter-spacing:var(--h2_typography-letter-spacing);\"><span class=\" fusion-imageframe imageframe-none imageframe-2 hover-type-none\" style=\"border:5px solid var(--awb-color7);border-radius:50%;\"><img decoding=\"async\" width=\"1200\" height=\"1200\" title=\"polyurethane-tubes-esther-based-images-1\" src=\"https:\/\/www.gapex.com.tr\/wp-content\/uploads\/2023\/09\/polyurethane-tubes-esther-based-images-1.webp\" data-orig-src=\"https:\/\/gapex.com.tr\/wp-content\/uploads\/2023\/09\/polyurethane-tubes-esther-based-images-1.webp\" class=\"lazyload img-responsive wp-image-5878\" srcset=\"data:image\/svg+xml,%3Csvg%20xmlns%3D%27http%3A%2F%2Fwww.w3.org%2F2000%2Fsvg%27%20width%3D%271200%27%20height%3D%271200%27%20viewBox%3D%270%200%201200%201200%27%3E%3Crect%20width%3D%271200%27%20height%3D%271200%27%20fill-opacity%3D%220%22%2F%3E%3C%2Fsvg%3E\" data-srcset=\"https:\/\/www.gapex.com.tr\/wp-content\/uploads\/2023\/09\/polyurethane-tubes-esther-based-images-1-66x66.webp 66w, https:\/\/www.gapex.com.tr\/wp-content\/uploads\/2023\/09\/polyurethane-tubes-esther-based-images-1-150x150.webp 150w, https:\/\/www.gapex.com.tr\/wp-content\/uploads\/2023\/09\/polyurethane-tubes-esther-based-images-1-200x200.webp 200w, https:\/\/www.gapex.com.tr\/wp-content\/uploads\/2023\/09\/polyurethane-tubes-esther-based-images-1-300x300.webp 300w, https:\/\/www.gapex.com.tr\/wp-content\/uploads\/2023\/09\/polyurethane-tubes-esther-based-images-1-400x400.webp 400w, https:\/\/www.gapex.com.tr\/wp-content\/uploads\/2023\/09\/polyurethane-tubes-esther-based-images-1-500x500.webp 500w, https:\/\/www.gapex.com.tr\/wp-content\/uploads\/2023\/09\/polyurethane-tubes-esther-based-images-1-600x600.webp 600w, https:\/\/www.gapex.com.tr\/wp-content\/uploads\/2023\/09\/polyurethane-tubes-esther-based-images-1-700x700.webp 700w, https:\/\/www.gapex.com.tr\/wp-content\/uploads\/2023\/09\/polyurethane-tubes-esther-based-images-1-768x768.webp 768w, https:\/\/www.gapex.com.tr\/wp-content\/uploads\/2023\/09\/polyurethane-tubes-esther-based-images-1-800x800.webp 800w, https:\/\/www.gapex.com.tr\/wp-content\/uploads\/2023\/09\/polyurethane-tubes-esther-based-images-1-1024x1024.webp 1024w, https:\/\/www.gapex.com.tr\/wp-content\/uploads\/2023\/09\/polyurethane-tubes-esther-based-images-1.webp 1200w\" data-sizes=\"auto\" data-orig-sizes=\"(max-width: 640px) 100vw, 400px\" alt=\"\"><\/span><\/div><div class=\"fusion-title title fusion-title-2 fusion-sep-none fusion-title-center fusion-title-text fusion-title-size-five\" style=\"--awb-margin-bottom:0px;\"><h5 class=\"fusion-title-heading title-heading-center fusion-responsive-typography-calculated\" style=\"margin:0;--fontSize:20;--minFontSize:20;line-height:1.4;\">Poliu\u0308retan Hortumlar (Ether Bazl\u0131)<\/h5><\/div><div class=\"fusion-text fusion-text-2\" style=\"--awb-font-size:14px;\"><p style=\"text-align: center;\">(PU Ether)<\/p>\n<\/div><\/div><\/div><div class=\"fusion-layout-column fusion_builder_column fusion-builder-column-2 fusion_builder_column_1_4 1_4 fusion-flex-column fusion-column-inner-bg-wrapper\" style=\"--awb-inner-bg-size:cover;--awb-width-large:25%;--awb-margin-top-large:20px;--awb-spacing-right-large:7.68%;--awb-margin-bottom-large:20px;--awb-spacing-left-large:7.68%;--awb-width-medium:25%;--awb-order-medium:0;--awb-spacing-right-medium:7.68%;--awb-spacing-left-medium:7.68%;--awb-width-small:100%;--awb-order-small:0;--awb-spacing-right-small:1.92%;--awb-spacing-left-small:1.92%;\" data-scroll-devices=\"small-visibility,medium-visibility,large-visibility\"><span class=\"fusion-column-inner-bg hover-type-none\"><a class=\"fusion-column-anchor\" href=\"https:\/\/gapex.com.tr\/tr\/urunler\/poliuretan-hortumlar\/orgulu-poliuretan-borular\/\" target=\"_blank\" rel=\"noopener\"><span class=\"fusion-column-inner-bg-image\"><\/span><\/a><\/span><div class=\"fusion-column-wrapper fusion-column-has-shadow fusion-flex-justify-content-flex-start fusion-content-layout-column\"><div class=\"fusion-image-element \" style=\"text-align:center;--awb-max-width:200px;--awb-caption-title-font-family:var(--h2_typography-font-family);--awb-caption-title-font-weight:var(--h2_typography-font-weight);--awb-caption-title-font-style:var(--h2_typography-font-style);--awb-caption-title-size:var(--h2_typography-font-size);--awb-caption-title-transform:var(--h2_typography-text-transform);--awb-caption-title-line-height:var(--h2_typography-line-height);--awb-caption-title-letter-spacing:var(--h2_typography-letter-spacing);\"><span class=\" fusion-imageframe imageframe-none imageframe-3 hover-type-none\" style=\"border:5px solid var(--awb-color7);border-radius:50%;\"><img decoding=\"async\" width=\"1200\" height=\"1200\" alt=\"Hortumlar\" title=\"brainded-polyurethane-tubes-product-square\" src=\"https:\/\/www.gapex.com.tr\/wp-content\/uploads\/2024\/08\/brainded-polyurethane-tubes-product-square.webp\" data-orig-src=\"https:\/\/gapex.com.tr\/wp-content\/uploads\/2024\/08\/brainded-polyurethane-tubes-product-square.webp\" class=\"lazyload img-responsive wp-image-7518\" srcset=\"data:image\/svg+xml,%3Csvg%20xmlns%3D%27http%3A%2F%2Fwww.w3.org%2F2000%2Fsvg%27%20width%3D%271200%27%20height%3D%271200%27%20viewBox%3D%270%200%201200%201200%27%3E%3Crect%20width%3D%271200%27%20height%3D%271200%27%20fill-opacity%3D%220%22%2F%3E%3C%2Fsvg%3E\" data-srcset=\"https:\/\/www.gapex.com.tr\/wp-content\/uploads\/2024\/08\/brainded-polyurethane-tubes-product-square-66x66.webp 66w, https:\/\/www.gapex.com.tr\/wp-content\/uploads\/2024\/08\/brainded-polyurethane-tubes-product-square-150x150.webp 150w, https:\/\/www.gapex.com.tr\/wp-content\/uploads\/2024\/08\/brainded-polyurethane-tubes-product-square-200x200.webp 200w, https:\/\/www.gapex.com.tr\/wp-content\/uploads\/2024\/08\/brainded-polyurethane-tubes-product-square-300x300.webp 300w, https:\/\/www.gapex.com.tr\/wp-content\/uploads\/2024\/08\/brainded-polyurethane-tubes-product-square-400x400.webp 400w, https:\/\/www.gapex.com.tr\/wp-content\/uploads\/2024\/08\/brainded-polyurethane-tubes-product-square-600x600.webp 600w, https:\/\/www.gapex.com.tr\/wp-content\/uploads\/2024\/08\/brainded-polyurethane-tubes-product-square-768x768.webp 768w, https:\/\/www.gapex.com.tr\/wp-content\/uploads\/2024\/08\/brainded-polyurethane-tubes-product-square-800x800.webp 800w, https:\/\/www.gapex.com.tr\/wp-content\/uploads\/2024\/08\/brainded-polyurethane-tubes-product-square-1024x1024.webp 1024w, https:\/\/www.gapex.com.tr\/wp-content\/uploads\/2024\/08\/brainded-polyurethane-tubes-product-square.webp 1200w\" data-sizes=\"auto\" data-orig-sizes=\"(max-width: 640px) 100vw, 400px\" \/><\/span><\/div><div class=\"fusion-title title fusion-title-3 fusion-sep-none fusion-title-center fusion-title-text fusion-title-size-five\" style=\"--awb-margin-bottom:0px;\"><h5 class=\"fusion-title-heading title-heading-center fusion-responsive-typography-calculated\" style=\"margin:0;--fontSize:20;--minFontSize:20;line-height:1.4;\">\u00d6rg\u00fcl\u00fc Poli\u00fcretan Hortumlar<\/h5><\/div><div class=\"fusion-text fusion-text-3\" style=\"--awb-font-size:14px;\"><p style=\"text-align: center;\">(PU Ether)<\/p>\n<\/div><\/div><\/div><div class=\"fusion-layout-column fusion_builder_column fusion-builder-column-3 fusion_builder_column_1_4 1_4 fusion-flex-column fusion-column-inner-bg-wrapper\" style=\"--awb-inner-bg-size:cover;--awb-width-large:25%;--awb-margin-top-large:20px;--awb-spacing-right-large:7.68%;--awb-margin-bottom-large:20px;--awb-spacing-left-large:7.68%;--awb-width-medium:25%;--awb-order-medium:0;--awb-spacing-right-medium:7.68%;--awb-spacing-left-medium:7.68%;--awb-width-small:100%;--awb-order-small:0;--awb-spacing-right-small:1.92%;--awb-spacing-left-small:1.92%;\" data-scroll-devices=\"small-visibility,medium-visibility,large-visibility\"><span class=\"fusion-column-inner-bg hover-type-none\"><a class=\"fusion-column-anchor\" href=\"https:\/\/gapex.com.tr\/tr\/urunler\/poliuretan-hortumlar\/poliuretan-tupler-duo-ester-bazli\/\" target=\"_blank\" rel=\"noopener\"><span class=\"fusion-column-inner-bg-image\"><\/span><\/a><\/span><div class=\"fusion-column-wrapper fusion-column-has-shadow fusion-flex-justify-content-flex-start fusion-content-layout-column\"><div class=\"fusion-image-element \" style=\"text-align:center;--awb-max-width:200px;--awb-caption-title-font-family:var(--h2_typography-font-family);--awb-caption-title-font-weight:var(--h2_typography-font-weight);--awb-caption-title-font-style:var(--h2_typography-font-style);--awb-caption-title-size:var(--h2_typography-font-size);--awb-caption-title-transform:var(--h2_typography-text-transform);--awb-caption-title-line-height:var(--h2_typography-line-height);--awb-caption-title-letter-spacing:var(--h2_typography-letter-spacing);\"><span class=\" fusion-imageframe imageframe-none imageframe-4 hover-type-none\" style=\"border:5px solid var(--awb-color7);border-radius:50%;\"><img decoding=\"async\" width=\"1200\" height=\"1200\" alt=\"Hortumlar\" title=\"duo-polyurethane-tubes-product-square\" src=\"https:\/\/www.gapex.com.tr\/wp-content\/uploads\/2024\/08\/duo-polyurethane-tubes-product-square.webp\" data-orig-src=\"https:\/\/gapex.com.tr\/wp-content\/uploads\/2024\/08\/duo-polyurethane-tubes-product-square.webp\" class=\"lazyload img-responsive wp-image-7520\" srcset=\"data:image\/svg+xml,%3Csvg%20xmlns%3D%27http%3A%2F%2Fwww.w3.org%2F2000%2Fsvg%27%20width%3D%271200%27%20height%3D%271200%27%20viewBox%3D%270%200%201200%201200%27%3E%3Crect%20width%3D%271200%27%20height%3D%271200%27%20fill-opacity%3D%220%22%2F%3E%3C%2Fsvg%3E\" data-srcset=\"https:\/\/www.gapex.com.tr\/wp-content\/uploads\/2024\/08\/duo-polyurethane-tubes-product-square-66x66.webp 66w, https:\/\/www.gapex.com.tr\/wp-content\/uploads\/2024\/08\/duo-polyurethane-tubes-product-square-150x150.webp 150w, https:\/\/www.gapex.com.tr\/wp-content\/uploads\/2024\/08\/duo-polyurethane-tubes-product-square-200x200.webp 200w, https:\/\/www.gapex.com.tr\/wp-content\/uploads\/2024\/08\/duo-polyurethane-tubes-product-square-300x300.webp 300w, https:\/\/www.gapex.com.tr\/wp-content\/uploads\/2024\/08\/duo-polyurethane-tubes-product-square-400x400.webp 400w, https:\/\/www.gapex.com.tr\/wp-content\/uploads\/2024\/08\/duo-polyurethane-tubes-product-square-600x600.webp 600w, https:\/\/www.gapex.com.tr\/wp-content\/uploads\/2024\/08\/duo-polyurethane-tubes-product-square-768x768.webp 768w, https:\/\/www.gapex.com.tr\/wp-content\/uploads\/2024\/08\/duo-polyurethane-tubes-product-square-800x800.webp 800w, https:\/\/www.gapex.com.tr\/wp-content\/uploads\/2024\/08\/duo-polyurethane-tubes-product-square-1024x1024.webp 1024w, https:\/\/www.gapex.com.tr\/wp-content\/uploads\/2024\/08\/duo-polyurethane-tubes-product-square.webp 1200w\" data-sizes=\"auto\" data-orig-sizes=\"(max-width: 640px) 100vw, 400px\" \/><\/span><\/div><div class=\"fusion-title title fusion-title-4 fusion-sep-none fusion-title-center fusion-title-text fusion-title-size-five\" style=\"--awb-margin-bottom:0px;\"><h5 class=\"fusion-title-heading title-heading-center fusion-responsive-typography-calculated\" style=\"margin:0;--fontSize:20;--minFontSize:20;line-height:1.4;\">Poli\u00fcretan Hortumlar (Duo &#8211; Ester Bazl\u0131)<\/h5><\/div><div class=\"fusion-text fusion-text-4\" style=\"--awb-font-size:14px;\"><p style=\"text-align: center;\">(PU Ether)<\/p>\n<\/div><\/div><\/div><\/div><\/div>\n","protected":false},"excerpt":{"rendered":"","protected":false},"author":5,"featured_media":5759,"parent":6174,"menu_order":30,"comment_status":"closed","ping_status":"closed","template":"100-width.php","meta":{"footnotes":""},"class_list":["post-6206","page","type-page","status-publish","has-post-thumbnail","hentry"],"_links":{"self":[{"href":"https:\/\/www.gapex.com.tr\/tr\/wp-json\/wp\/v2\/pages\/6206","targetHints":{"allow":["GET"]}}],"collection":[{"href":"https:\/\/www.gapex.com.tr\/tr\/wp-json\/wp\/v2\/pages"}],"about":[{"href":"https:\/\/www.gapex.com.tr\/tr\/wp-json\/wp\/v2\/types\/page"}],"author":[{"embeddable":true,"href":"https:\/\/www.gapex.com.tr\/tr\/wp-json\/wp\/v2\/users\/5"}],"replies":[{"embeddable":true,"href":"https:\/\/www.gapex.com.tr\/tr\/wp-json\/wp\/v2\/comments?post=6206"}],"version-history":[{"count":8,"href":"https:\/\/www.gapex.com.tr\/tr\/wp-json\/wp\/v2\/pages\/6206\/revisions"}],"predecessor-version":[{"id":7527,"href":"https:\/\/www.gapex.com.tr\/tr\/wp-json\/wp\/v2\/pages\/6206\/revisions\/7527"}],"up":[{"embeddable":true,"href":"https:\/\/www.gapex.com.tr\/tr\/wp-json\/wp\/v2\/pages\/6174"}],"wp:featuredmedia":[{"embeddable":true,"href":"https:\/\/www.gapex.com.tr\/tr\/wp-json\/wp\/v2\/media\/5759"}],"wp:attachment":[{"href":"https:\/\/www.gapex.com.tr\/tr\/wp-json\/wp\/v2\/media?parent=6206"}],"curies":[{"name":"wp","href":"https:\/\/api.w.org\/{rel}","templated":true}]}}